{"id":64610,"date":"2025-11-27T10:54:10","date_gmt":"2025-11-27T09:54:10","guid":{"rendered":"https:\/\/dev.gesundheits-portal.org\/muster1\/?page_id=64610"},"modified":"2025-11-27T12:09:32","modified_gmt":"2025-11-27T11:09:32","slug":"grundpflege","status":"publish","type":"page","link":"https:\/\/dev.gesundheits-portal.org\/muster1\/grundpflege\/","title":{"rendered":"Grundpflege"},"content":{"rendered":"\t\t<div data-elementor-type=\"wp-page\" data-elementor-id=\"64610\" class=\"elementor elementor-64610\">\n\t\t\t\t\t\t<section class=\"elementor-section elementor-top-section elementor-element elementor-element-48edd1e elementor-section-stretched elementor-section-boxed elementor-section-height-default elementor-section-height-default content-parallax-no\" data-id=\"48edd1e\" data-element_type=\"section\" data-e-type=\"section\" data-settings=\"{&quot;stretch_section&quot;:&quot;section-stretched&quot;}\">\n\t\t\t\t\t\t<div class=\"elementor-container elementor-column-gap-default\">\n\t\t\t\t\t<div class=\"elementor-column elementor-col-50 elementor-top-column elementor-element elementor-element-ab7be01\" data-id=\"ab7be01\" data-element_type=\"column\" data-e-type=\"column\">\n\t\t\t<div class=\"elementor-widget-wrap elementor-element-populated\">\n\t\t\t\t\t\t<div class=\"elementor-element elementor-element-b3796ca cea-align-left elementor-invisible elementor-widget elementor-widget-ceasectiontitle\" data-id=\"b3796ca\" data-element_type=\"widget\" data-e-type=\"widget\" data-settings=\"{&quot;_animation&quot;:&quot;fadeInUp&quot;}\" data-widget_type=\"ceasectiontitle.default\">\n\t\t\t\t<div class=\"elementor-widget-container\">\n\t\t\t\t\t<div class=\"section-title-wrapper\"><div class=\"title-wrap\"><p class=\"sub-title\"><span class=\"subtitle-dots \" >Grundpflege<\/span><\/p><h3 class=\"section-title none cea-nrml\" data-animation=\"none\"  >Wir sorgen t\u00e4glich f\u00fcr w\u00fcrdevolle und sichere Grundpflege<\/h3><\/div><!-- .title-wrap --><div class=\"section-description\"><p class=\"section-content\">Wir unterst\u00fctzen Menschen zuhause bei allen wichtigen T\u00e4tigkeiten des Alltags. Dazu geh\u00f6ren K\u00f6rperpflege, Anziehen, Mobilit\u00e4t und Orientierung \u2013 immer respektvoll, einf\u00fchlsam und zuverl\u00e4ssig. Unsere Pflegekr\u00e4fte entlasten sowohl Patienten als auch Angeh\u00f6rige und schaffen sp\u00fcrbare Erleichterung im t\u00e4glichen Leben. Genau das macht unsere Grundpflege zu einem wichtigen Baustein f\u00fcr mehr Lebensqualit\u00e4t.<\/p><\/div><!-- .section-description --><\/div><!-- .section-title-wrapper -->\t\t\t\t<\/div>\n\t\t\t\t<\/div>\n\t\t\t\t<section class=\"elementor-section elementor-inner-section elementor-element elementor-element-a84b256 elementor-section-boxed elementor-section-height-default elementor-section-height-default content-parallax-no\" data-id=\"a84b256\" data-element_type=\"section\" data-e-type=\"section\">\n\t\t\t\t\t\t<div class=\"elementor-container elementor-column-gap-default\">\n\t\t\t\t\t<div class=\"elementor-column elementor-col-50 elementor-inner-column elementor-element elementor-element-988e350\" data-id=\"988e350\" data-element_type=\"column\" data-e-type=\"column\">\n\t\t\t<div class=\"elementor-widget-wrap elementor-element-populated\">\n\t\t\t\t\t\t<div class=\"elementor-element elementor-element-586e92d cea-view-default elementor-widget elementor-widget-ceafeaturebox\" data-id=\"586e92d\" data-element_type=\"widget\" data-e-type=\"widget\" data-widget_type=\"ceafeaturebox.default\">\n\t\t\t\t<div class=\"elementor-widget-container feature-box-wrapper feature-box-default\">\n\t\t\t<div class=\"media\"><div class=\"media-icon-part\"><figure class=\"cea-feature-box-img\"><img decoding=\"async\" width=\"40\" height=\"40\" src=\"https:\/\/dev.gesundheits-portal.org\/muster1\/wp-content\/uploads\/2023\/09\/handicap-1-1.png\" class=\"attachment-full size-full img-fluid squared \" alt=\"\" \/><\/figure><\/div><div class=\"media-body align-self-center\"><h3 class=\"feature-box-title\">Individuelle Grundpflege<\/h3><\/div><!-- .media-body --><\/div><!-- .media -->\t\t<\/div>\n\t\t\t\t<\/div>\n\t\t\t\t\t<\/div>\n\t\t<\/div>\n\t\t\t\t<div class=\"elementor-column elementor-col-50 elementor-inner-column elementor-element elementor-element-fca4127\" data-id=\"fca4127\" data-element_type=\"column\" data-e-type=\"column\">\n\t\t\t<div class=\"elementor-widget-wrap elementor-element-populated\">\n\t\t\t\t\t\t<div class=\"elementor-element elementor-element-1433e36 cea-view-default elementor-widget elementor-widget-ceafeaturebox\" data-id=\"1433e36\" data-element_type=\"widget\" data-e-type=\"widget\" data-widget_type=\"ceafeaturebox.default\">\n\t\t\t\t<div class=\"elementor-widget-container feature-box-wrapper feature-box-default\">\n\t\t\t<div class=\"media\"><div class=\"media-icon-part\"><figure class=\"cea-feature-box-img\"><img decoding=\"async\" width=\"40\" height=\"40\" src=\"https:\/\/dev.gesundheits-portal.org\/muster1\/wp-content\/uploads\/2023\/09\/medicine-1-1.png\" class=\"attachment-full size-full img-fluid squared \" alt=\"\" \/><\/figure><\/div><div class=\"media-body align-self-center\"><h3 class=\"feature-box-title\">Medizinische Unterst\u00fctzung<\/h3><\/div><!-- .media-body --><\/div><!-- .media -->\t\t<\/div>\n\t\t\t\t<\/div>\n\t\t\t\t\t<\/div>\n\t\t<\/div>\n\t\t\t\t\t<\/div>\n\t\t<\/section>\n\t\t\t\t<section class=\"elementor-section elementor-inner-section elementor-element elementor-element-aeb8488 elementor-section-boxed elementor-section-height-default elementor-section-height-default content-parallax-no\" data-id=\"aeb8488\" data-element_type=\"section\" data-e-type=\"section\">\n\t\t\t\t\t\t<div class=\"elementor-container elementor-column-gap-default\">\n\t\t\t\t\t<div class=\"elementor-column elementor-col-50 elementor-inner-column elementor-element elementor-element-2864632\" data-id=\"2864632\" data-element_type=\"column\" data-e-type=\"column\">\n\t\t\t<div class=\"elementor-widget-wrap elementor-element-populated\">\n\t\t\t\t\t\t<div class=\"elementor-element elementor-element-59084fb elementor-invisible elementor-widget elementor-widget-ceabutton\" data-id=\"59084fb\" data-element_type=\"widget\" data-e-type=\"widget\" data-settings=\"{&quot;_animation&quot;:&quot;fadeInUp&quot;}\" data-widget_type=\"ceabutton.default\">\n\t\t\t\t<div class=\"elementor-widget-container cea-button-wrapper\">\n\t\t\t\t\t<div class=\"cea-button-wrapper\">\n\t\t\t<a href=\"\/kontakt\" class=\"cea-button-link elementor-button cea-button elementor-size-sm\">\n\t\t\t\t\t\t<span class=\"cea-button-content-wrapper\">\n\t\t\t\t\t\t<span class=\"cea-button-icon cea-align-icon-right\">\n\t\t\t\t<i aria-hidden=\"true\" class=\" bi-arrow-up-right\"><\/i>\t\t\t<\/span>\n\t\t\t\t\t\t<span class=\"cea-button-text\">Kontakt<\/span>\n\t\t<\/span>\n\t\t\t\t\t<\/a>\n\t\t<\/div>\n\t\t\t\t<\/div>\n\t\t\t\t<\/div>\n\t\t\t\t\t<\/div>\n\t\t<\/div>\n\t\t\t\t<div class=\"elementor-column elementor-col-50 elementor-inner-column elementor-element elementor-element-ba75619 elementor-hidden-tablet elementor-hidden-mobile\" data-id=\"ba75619\" data-element_type=\"column\" data-e-type=\"column\">\n\t\t\t<div class=\"elementor-widget-wrap\">\n\t\t\t\t\t\t\t<\/div>\n\t\t<\/div>\n\t\t\t\t\t<\/div>\n\t\t<\/section>\n\t\t\t\t\t<\/div>\n\t\t<\/div>\n\t\t\t\t<div class=\"elementor-column elementor-col-50 elementor-top-column elementor-element elementor-element-7cca4f3\" data-id=\"7cca4f3\" data-element_type=\"column\" data-e-type=\"column\">\n\t\t\t<div class=\"elementor-widget-wrap elementor-element-populated\">\n\t\t\t\t\t\t<div class=\"elementor-element elementor-element-6ddd9b5 elementor-widget elementor-widget-image\" data-id=\"6ddd9b5\" data-element_type=\"widget\" data-e-type=\"widget\" data-widget_type=\"image.default\">\n\t\t\t\t\t\t\t\t\t\t\t\t\t\t\t<img fetchpriority=\"high\" decoding=\"async\" width=\"1041\" height=\"694\" src=\"https:\/\/dev.gesundheits-portal.org\/muster1\/wp-content\/uploads\/2022\/07\/blog-img-2.jpg\" class=\"attachment-large size-large wp-image-31213\" alt=\"\" \/>\t\t\t\t\t\t\t\t\t\t\t\t\t\t\t<\/div>\n\t\t\t\t<section class=\"elementor-section elementor-inner-section elementor-element elementor-element-e25597e elementor-section-boxed elementor-section-height-default elementor-section-height-default content-parallax-no\" data-id=\"e25597e\" data-element_type=\"section\" data-e-type=\"section\">\n\t\t\t\t\t\t<div class=\"elementor-container elementor-column-gap-default\">\n\t\t\t\t\t<div class=\"elementor-column elementor-col-50 elementor-inner-column elementor-element elementor-element-19fa772\" data-id=\"19fa772\" data-element_type=\"column\" data-e-type=\"column\">\n\t\t\t<div class=\"elementor-widget-wrap elementor-element-populated\">\n\t\t\t\t\t\t<div class=\"elementor-element elementor-element-c147a27 elementor-widget elementor-widget-image\" data-id=\"c147a27\" data-element_type=\"widget\" data-e-type=\"widget\" data-widget_type=\"image.default\">\n\t\t\t\t\t\t\t\t\t\t\t\t\t\t\t<img decoding=\"async\" src=\"https:\/\/dev.gesundheits-portal.org\/muster1\/wp-content\/uploads\/elementor\/thumbs\/blog-img-4-rf9vnada41nez81ze1w8kz0td5rk5pf2eqrdnccb0w.jpg\" title=\"blog-img-4\" alt=\"blog-img-4\" loading=\"lazy\" \/>\t\t\t\t\t\t\t\t\t\t\t\t\t\t\t<\/div>\n\t\t\t\t\t<\/div>\n\t\t<\/div>\n\t\t\t\t<div class=\"elementor-column elementor-col-50 elementor-inner-column elementor-element elementor-element-1418039\" data-id=\"1418039\" data-element_type=\"column\" data-e-type=\"column\">\n\t\t\t<div class=\"elementor-widget-wrap elementor-element-populated\">\n\t\t\t\t\t\t<div class=\"elementor-element elementor-element-609b5f6 elementor-widget elementor-widget-image\" data-id=\"609b5f6\" data-element_type=\"widget\" data-e-type=\"widget\" data-widget_type=\"image.default\">\n\t\t\t\t\t\t\t\t\t\t\t\t\t\t\t<img decoding=\"async\" src=\"https:\/\/dev.gesundheits-portal.org\/muster1\/wp-content\/uploads\/elementor\/thumbs\/portfolio-img9-rf9vn6lxcpi9os7g009qazyyzma3ax05285fq8hvps.jpg\" title=\"portfolio-img9\" alt=\"portfolio-img9\" loading=\"lazy\" \/>\t\t\t\t\t\t\t\t\t\t\t\t\t\t\t<\/div>\n\t\t\t\t\t<\/div>\n\t\t<\/div>\n\t\t\t\t\t<\/div>\n\t\t<\/section>\n\t\t\t\t<div class=\"elementor-element elementor-element-fcea091 cea-view-framed elementor-widget__width-auto elementor-absolute verticle-move elementor-hidden-mobile elementor-hidden-tablet cea-shape-circle elementor-widget elementor-widget-ceafeaturebox\" data-id=\"fcea091\" data-element_type=\"widget\" data-e-type=\"widget\" data-settings=\"{&quot;_position&quot;:&quot;absolute&quot;}\" data-widget_type=\"ceafeaturebox.default\">\n\t\t\t\t<div class=\"elementor-widget-container feature-box-wrapper feature-box-default\">\n\t\t\t<div class=\"feature-box-inner\"><div class=\"cea-featured-icon\"><svg aria-hidden=\"true\" class=\"e-font-icon-svg e-far-hospital\" viewBox=\"0 0 448 512\" xmlns=\"http:\/\/www.w3.org\/2000\/svg\"><path d=\"M128 244v-40c0-6.627 5.373-12 12-12h40c6.627 0 12 5.373 12 12v40c0 6.627-5.373 12-12 12h-40c-6.627 0-12-5.373-12-12zm140 12h40c6.627 0 12-5.373 12-12v-40c0-6.627-5.373-12-12-12h-40c-6.627 0-12 5.373-12 12v40c0 6.627 5.373 12 12 12zm-76 84v-40c0-6.627-5.373-12-12-12h-40c-6.627 0-12 5.373-12 12v40c0 6.627 5.373 12 12 12h40c6.627 0 12-5.373 12-12zm76 12h40c6.627 0 12-5.373 12-12v-40c0-6.627-5.373-12-12-12h-40c-6.627 0-12 5.373-12 12v40c0 6.627 5.373 12 12 12zm180 124v36H0v-36c0-6.627 5.373-12 12-12h19.5V85.035C31.5 73.418 42.245 64 55.5 64H144V24c0-13.255 10.745-24 24-24h112c13.255 0 24 10.745 24 24v40h88.5c13.255 0 24 9.418 24 21.035V464H436c6.627 0 12 5.373 12 12zM79.5 463H192v-67c0-6.627 5.373-12 12-12h40c6.627 0 12 5.373 12 12v67h112.5V112H304v24c0 13.255-10.745 24-24 24H168c-13.255 0-24-10.745-24-24v-24H79.5v351zM266 64h-26V38a6 6 0 0 0-6-6h-20a6 6 0 0 0-6 6v26h-26a6 6 0 0 0-6 6v20a6 6 0 0 0 6 6h26v26a6 6 0 0 0 6 6h20a6 6 0 0 0 6-6V96h26a6 6 0 0 0 6-6V70a6 6 0 0 0-6-6z\"><\/path><\/svg><\/div><h4 class=\"feature-box-title\">100+<\/h4><div class=\"fbox-content\">Grundpflege Eins\u00e4tze<\/div><\/div>\t\t<\/div>\n\t\t\t\t<\/div>\n\t\t\t\t\t<\/div>\n\t\t<\/div>\n\t\t\t\t\t<\/div>\n\t\t<\/section>\n\t\t\t\t<section class=\"elementor-section elementor-top-section elementor-element elementor-element-7446c43 elementor-section-content-middle elementor-section-stretched elementor-section-boxed elementor-section-height-default elementor-section-height-default content-parallax-no\" data-id=\"7446c43\" data-element_type=\"section\" data-e-type=\"section\" data-settings=\"{&quot;stretch_section&quot;:&quot;section-stretched&quot;,&quot;background_background&quot;:&quot;classic&quot;}\">\n\t\t\t\t\t\t\t<div class=\"elementor-background-overlay\"><\/div>\n\t\t\t\t\t\t\t<div class=\"elementor-container elementor-column-gap-default\">\n\t\t\t\t\t<div class=\"elementor-column elementor-col-50 elementor-top-column elementor-element elementor-element-0b8b0ec\" data-id=\"0b8b0ec\" data-element_type=\"column\" data-e-type=\"column\">\n\t\t\t<div class=\"elementor-widget-wrap elementor-element-populated\">\n\t\t\t\t\t\t<div class=\"elementor-element elementor-element-ad3d25a cea-align-left cea-tablet-align-center elementor-invisible elementor-widget elementor-widget-ceasectiontitle\" data-id=\"ad3d25a\" data-element_type=\"widget\" data-e-type=\"widget\" data-settings=\"{&quot;_animation&quot;:&quot;fadeInUp&quot;}\" data-widget_type=\"ceasectiontitle.default\">\n\t\t\t\t<div class=\"elementor-widget-container\">\n\t\t\t\t\t<div class=\"section-title-wrapper\"><div class=\"title-wrap\"><p class=\"sub-title\"><span class=\"subtitle-dots \" >Was bieten wir<\/span><\/p><h2 class=\"section-title none cea-nrml\" data-animation=\"none\"  >Was geh\u00f6rt zur Grundpflege?<\/h2><\/div><!-- .title-wrap --><div class=\"section-description\"><p class=\"section-content\">Wir unterst\u00fctzen bei allen grundlegenden Pflegeaufgaben, damit der Alltag sicher und w\u00fcrdevoll gelingt.\n<\/p><\/div><!-- .section-description --><\/div><!-- .section-title-wrapper -->\t\t\t\t<\/div>\n\t\t\t\t<\/div>\n\t\t\t\t<section class=\"elementor-section elementor-inner-section elementor-element elementor-element-34e26d2 elementor-section-content-middle elementor-section-boxed elementor-section-height-default elementor-section-height-default content-parallax-no\" data-id=\"34e26d2\" data-element_type=\"section\" data-e-type=\"section\">\n\t\t\t\t\t\t<div class=\"elementor-container elementor-column-gap-default\">\n\t\t\t\t\t<div class=\"elementor-column elementor-col-100 elementor-inner-column elementor-element elementor-element-2bf75c5\" data-id=\"2bf75c5\" data-element_type=\"column\" data-e-type=\"column\">\n\t\t\t<div class=\"elementor-widget-wrap elementor-element-populated\">\n\t\t\t\t\t\t<div class=\"elementor-element elementor-element-4c13054 elementor-widget elementor-widget-ceabutton\" data-id=\"4c13054\" data-element_type=\"widget\" data-e-type=\"widget\" data-widget_type=\"ceabutton.default\">\n\t\t\t\t<div class=\"elementor-widget-container cea-button-wrapper\">\n\t\t\t\t\t<div class=\"cea-button-wrapper\">\n\t\t\t<a href=\"\/kontakt\" class=\"cea-button-link elementor-button cea-button elementor-size-sm\">\n\t\t\t\t\t\t<span class=\"cea-button-content-wrapper\">\n\t\t\t\t\t\t<span class=\"cea-button-icon cea-align-icon-right\">\n\t\t\t\t<i aria-hidden=\"true\" class=\" bi-arrow-up-right\"><\/i>\t\t\t<\/span>\n\t\t\t\t\t\t<span class=\"cea-button-text\">Kontakt<\/span>\n\t\t<\/span>\n\t\t\t\t\t<\/a>\n\t\t<\/div>\n\t\t\t\t<\/div>\n\t\t\t\t<\/div>\n\t\t\t\t\t<\/div>\n\t\t<\/div>\n\t\t\t\t\t<\/div>\n\t\t<\/section>\n\t\t\t\t\t<\/div>\n\t\t<\/div>\n\t\t\t\t<div class=\"elementor-column elementor-col-50 elementor-top-column elementor-element elementor-element-75f9102\" data-id=\"75f9102\" data-element_type=\"column\" data-e-type=\"column\">\n\t\t\t<div class=\"elementor-widget-wrap elementor-element-populated\">\n\t\t\t\t\t\t<section class=\"elementor-section elementor-inner-section elementor-element elementor-element-a202a33 elementor-section-boxed elementor-section-height-default elementor-section-height-default content-parallax-no\" data-id=\"a202a33\" data-element_type=\"section\" data-e-type=\"section\">\n\t\t\t\t\t\t<div class=\"elementor-container elementor-column-gap-default\">\n\t\t\t\t\t<div class=\"elementor-column elementor-col-50 elementor-inner-column elementor-element elementor-element-62252d6\" data-id=\"62252d6\" data-element_type=\"column\" data-e-type=\"column\">\n\t\t\t<div class=\"elementor-widget-wrap elementor-element-populated\">\n\t\t\t\t\t\t<div class=\"elementor-element elementor-element-55f1c12 cea-view-default elementor-widget elementor-widget-ceafeaturebox\" data-id=\"55f1c12\" data-element_type=\"widget\" data-e-type=\"widget\" data-widget_type=\"ceafeaturebox.default\">\n\t\t\t\t<div class=\"elementor-widget-container feature-box-wrapper feature-box-default\">\n\t\t\t<div class=\"media\"><div class=\"media-icon-part align-self-center\"><figure class=\"cea-feature-box-img\"><img decoding=\"async\" src=\"https:\/\/dev.gesundheits-portal.org\/muster1\/wp-content\/uploads\/elementor\/thumbs\/elderly-3-rf9vk5keh3k9kjh5zp52gwjb8914u45z06zf7q3zbk.png\" title=\"elderly\" alt=\"elderly\" class=\"img-fluid squared \" \/><\/figure><\/div><div class=\"media-body align-self-center\"><h3 class=\"feature-box-title\">K\u00f6rperpflege<\/h3><\/div><!-- .media-body --><\/div><!-- .media -->\t\t<\/div>\n\t\t\t\t<\/div>\n\t\t\t\t<div class=\"elementor-element elementor-element-70e47a8 cea-view-default elementor-widget elementor-widget-ceafeaturebox\" data-id=\"70e47a8\" data-element_type=\"widget\" data-e-type=\"widget\" data-widget_type=\"ceafeaturebox.default\">\n\t\t\t\t<div class=\"elementor-widget-container feature-box-wrapper feature-box-default\">\n\t\t\t<div class=\"media\"><div class=\"media-icon-part align-self-center\"><figure class=\"cea-feature-box-img\"><img decoding=\"async\" src=\"https:\/\/dev.gesundheits-portal.org\/muster1\/wp-content\/uploads\/elementor\/thumbs\/nursing-home-1-rf9vk5keh3k9kjh5zp52gwjb8914u45z06zf7q3zbk.png\" title=\"nursing-home\" alt=\"nursing-home\" class=\"img-fluid squared \" \/><\/figure><\/div><div class=\"media-body align-self-center\"><h3 class=\"feature-box-title\">Mobilit\u00e4t &amp; Lagerung<\/h3><\/div><!-- .media-body --><\/div><!-- .media -->\t\t<\/div>\n\t\t\t\t<\/div>\n\t\t\t\t<div class=\"elementor-element elementor-element-569f48e cea-view-default elementor-widget elementor-widget-ceafeaturebox\" data-id=\"569f48e\" data-element_type=\"widget\" data-e-type=\"widget\" data-widget_type=\"ceafeaturebox.default\">\n\t\t\t\t<div class=\"elementor-widget-container feature-box-wrapper feature-box-default\">\n\t\t\t<div class=\"media\"><div class=\"media-icon-part align-self-center\"><figure class=\"cea-feature-box-img\"><img decoding=\"async\" src=\"https:\/\/dev.gesundheits-portal.org\/muster1\/wp-content\/uploads\/elementor\/thumbs\/patient-1-rf9vkgugr3zpfv0s5u0latoucvhjeher1qt8z1n98w.png\" title=\"patient\" alt=\"patient\" class=\"img-fluid squared \" \/><\/figure><\/div><div class=\"media-body align-self-center\"><h3 class=\"feature-box-title\">Toiletteng\u00e4nge &amp; Inkontinenzversorgung<\/h3><\/div><!-- .media-body --><\/div><!-- .media -->\t\t<\/div>\n\t\t\t\t<\/div>\n\t\t\t\t\t<\/div>\n\t\t<\/div>\n\t\t\t\t<div class=\"elementor-column elementor-col-50 elementor-inner-column elementor-element elementor-element-527ff4e\" data-id=\"527ff4e\" data-element_type=\"column\" data-e-type=\"column\">\n\t\t\t<div class=\"elementor-widget-wrap elementor-element-populated\">\n\t\t\t\t\t\t<div class=\"elementor-element elementor-element-3aa5ee7 cea-view-default elementor-widget elementor-widget-ceafeaturebox\" data-id=\"3aa5ee7\" data-element_type=\"widget\" data-e-type=\"widget\" data-widget_type=\"ceafeaturebox.default\">\n\t\t\t\t<div class=\"elementor-widget-container feature-box-wrapper feature-box-default\">\n\t\t\t<div class=\"media\"><div class=\"media-icon-part align-self-center\"><figure class=\"cea-feature-box-img\"><img decoding=\"async\" src=\"https:\/\/dev.gesundheits-portal.org\/muster1\/wp-content\/uploads\/elementor\/thumbs\/medical-team-1-rf9vk6i8nxljw5fsu7jp1eartmwi1t9pcbmwp02l5c.png\" title=\"medical-team\" alt=\"medical-team\" class=\"img-fluid squared \" \/><\/figure><\/div><div class=\"media-body align-self-center\"><h3 class=\"feature-box-title\">An- und Auskleiden<\/h3><\/div><!-- .media-body --><\/div><!-- .media -->\t\t<\/div>\n\t\t\t\t<\/div>\n\t\t\t\t<div class=\"elementor-element elementor-element-cc236b4 cea-view-default elementor-widget elementor-widget-ceafeaturebox\" data-id=\"cc236b4\" data-element_type=\"widget\" data-e-type=\"widget\" data-widget_type=\"ceafeaturebox.default\">\n\t\t\t\t<div class=\"elementor-widget-container feature-box-wrapper feature-box-default\">\n\t\t\t<div class=\"media\"><div class=\"media-icon-part align-self-center\"><figure class=\"cea-feature-box-img\"><img decoding=\"async\" src=\"https:\/\/dev.gesundheits-portal.org\/muster1\/wp-content\/uploads\/elementor\/thumbs\/24-hours-support-rf9vmz2yz7f8efdpix0ry6x3dv4rxfcze5fv1lxgnk.png\" title=\"24-hours-support\" alt=\"24-hours-support\" class=\"img-fluid squared \" \/><\/figure><\/div><div class=\"media-body align-self-center\"><h3 class=\"feature-box-title\">Hilfe bei Ern\u00e4hrung<\/h3><\/div><!-- .media-body --><\/div><!-- .media -->\t\t<\/div>\n\t\t\t\t<\/div>\n\t\t\t\t<div class=\"elementor-element elementor-element-15a897c cea-view-default elementor-widget elementor-widget-ceafeaturebox\" data-id=\"15a897c\" data-element_type=\"widget\" data-e-type=\"widget\" data-widget_type=\"ceafeaturebox.default\">\n\t\t\t\t<div class=\"elementor-widget-container feature-box-wrapper feature-box-default\">\n\t\t\t<div class=\"media\"><div class=\"media-icon-part align-self-center\"><figure class=\"cea-feature-box-img\"><img decoding=\"async\" src=\"https:\/\/dev.gesundheits-portal.org\/muster1\/wp-content\/uploads\/elementor\/thumbs\/ambulance-1-rf9vkgugr3zpfv0s5u0latoucvhjeher1qt8z1n98w.png\" title=\"ambulance\" alt=\"ambulance\" class=\"img-fluid squared \" \/><\/figure><\/div><div class=\"media-body align-self-center\"><h3 class=\"feature-box-title\">Prophylaxen<\/h3><\/div><!-- .media-body --><\/div><!-- .media -->\t\t<\/div>\n\t\t\t\t<\/div>\n\t\t\t\t\t<\/div>\n\t\t<\/div>\n\t\t\t\t\t<\/div>\n\t\t<\/section>\n\t\t\t\t\t<\/div>\n\t\t<\/div>\n\t\t\t\t\t<\/div>\n\t\t<\/section>\n\t\t\t\t<\/div>\n\t\t","protected":false},"excerpt":{"rendered":"<p>Grundpflege Wir sorgen t\u00e4glich f\u00fcr w\u00fcrdevolle und sichere Grundpflege Wir unterst\u00fctzen Menschen zuhause bei allen wichtigen T\u00e4tigkeiten des Alltags. Dazu geh\u00f6ren K\u00f6rperpflege, Anziehen, Mobilit\u00e4t und Orientierung \u2013 immer respektvoll, einf\u00fchlsam und zuverl\u00e4ssig. Unsere Pflegekr\u00e4fte entlasten sowohl Patienten als auch Angeh\u00f6rige und schaffen sp\u00fcrbare Erleichterung im t\u00e4glichen Leben. Genau das macht..<\/p>\n","protected":false},"author":2,"featured_media":0,"parent":0,"menu_order":0,"comment_status":"closed","ping_status":"closed","template":"","meta":{"footnotes":""},"class_list":["post-64610","page","type-page","status-publish","hentry"],"_links":{"self":[{"href":"https:\/\/dev.gesundheits-portal.org\/muster1\/wp-json\/wp\/v2\/pages\/64610","targetHints":{"allow":["GET"]}}],"collection":[{"href":"https:\/\/dev.gesundheits-portal.org\/muster1\/wp-json\/wp\/v2\/pages"}],"about":[{"href":"https:\/\/dev.gesundheits-portal.org\/muster1\/wp-json\/wp\/v2\/types\/page"}],"author":[{"embeddable":true,"href":"https:\/\/dev.gesundheits-portal.org\/muster1\/wp-json\/wp\/v2\/users\/2"}],"replies":[{"embeddable":true,"href":"https:\/\/dev.gesundheits-portal.org\/muster1\/wp-json\/wp\/v2\/comments?post=64610"}],"version-history":[{"count":10,"href":"https:\/\/dev.gesundheits-portal.org\/muster1\/wp-json\/wp\/v2\/pages\/64610\/revisions"}],"predecessor-version":[{"id":64647,"href":"https:\/\/dev.gesundheits-portal.org\/muster1\/wp-json\/wp\/v2\/pages\/64610\/revisions\/64647"}],"wp:attachment":[{"href":"https:\/\/dev.gesundheits-portal.org\/muster1\/wp-json\/wp\/v2\/media?parent=64610"}],"curies":[{"name":"wp","href":"https:\/\/api.w.org\/{rel}","templated":true}]}}