{"id":64627,"date":"2025-11-27T11:26:52","date_gmt":"2025-11-27T10:26:52","guid":{"rendered":"https:\/\/dev.gesundheits-portal.org\/muster1\/?page_id=64627"},"modified":"2025-11-27T11:31:35","modified_gmt":"2025-11-27T10:31:35","slug":"behandlungspflege","status":"publish","type":"page","link":"https:\/\/dev.gesundheits-portal.org\/muster1\/behandlungspflege\/","title":{"rendered":"Behandlungspflege"},"content":{"rendered":"\t\t<div data-elementor-type=\"wp-page\" data-elementor-id=\"64627\" class=\"elementor elementor-64627\">\n\t\t\t\t\t\t<section class=\"elementor-section elementor-top-section elementor-element elementor-element-3ec39df elementor-section-stretched elementor-section-boxed elementor-section-height-default elementor-section-height-default content-parallax-no\" data-id=\"3ec39df\" data-element_type=\"section\" data-e-type=\"section\" data-settings=\"{&quot;stretch_section&quot;:&quot;section-stretched&quot;}\">\n\t\t\t\t\t\t<div class=\"elementor-container elementor-column-gap-default\">\n\t\t\t\t\t<div class=\"elementor-column elementor-col-50 elementor-top-column elementor-element elementor-element-9191013\" data-id=\"9191013\" data-element_type=\"column\" data-e-type=\"column\">\n\t\t\t<div class=\"elementor-widget-wrap elementor-element-populated\">\n\t\t\t\t\t\t<div class=\"elementor-element elementor-element-0719fd5 cea-align-left elementor-invisible elementor-widget elementor-widget-ceasectiontitle\" data-id=\"0719fd5\" data-element_type=\"widget\" data-e-type=\"widget\" data-settings=\"{&quot;_animation&quot;:&quot;fadeInUp&quot;}\" data-widget_type=\"ceasectiontitle.default\">\n\t\t\t\t<div class=\"elementor-widget-container\">\n\t\t\t\t\t<div class=\"section-title-wrapper\"><div class=\"title-wrap\"><p class=\"sub-title\"><span class=\"subtitle-dots \" >Behandlungspflege<\/span><\/p><h3 class=\"section-title none cea-nrml\" data-animation=\"none\"  >Wir leisten medizinische Pflege sicher und zuverl\u00e4ssig<\/h3><\/div><!-- .title-wrap --><div class=\"section-description\"><p class=\"section-content\">Wir f\u00fchren \u00e4rztlich verordnete Ma\u00dfnahmen direkt bei Ihnen zuhause durch. Dazu geh\u00f6ren u. a. Medikamentengabe, Verbandswechsel, Injektionen und die Kontrolle wichtiger Vitalwerte \u2013 professionell, sorgf\u00e4ltig und immer nach h\u00f6chsten Standards. Unsere Behandlungspflege sorgt f\u00fcr medizinische Sicherheit und entlastet Patienten sowie Angeh\u00f6rige im Alltag. So bleibt mehr Ruhe, Stabilit\u00e4t und Lebensqualit\u00e4t.<\/p><\/div><!-- .section-description --><\/div><!-- .section-title-wrapper -->\t\t\t\t<\/div>\n\t\t\t\t<\/div>\n\t\t\t\t<section class=\"elementor-section elementor-inner-section elementor-element elementor-element-55f772f elementor-section-boxed elementor-section-height-default elementor-section-height-default content-parallax-no\" data-id=\"55f772f\" data-element_type=\"section\" data-e-type=\"section\">\n\t\t\t\t\t\t<div class=\"elementor-container elementor-column-gap-default\">\n\t\t\t\t\t<div class=\"elementor-column elementor-col-50 elementor-inner-column elementor-element elementor-element-c961221\" data-id=\"c961221\" data-element_type=\"column\" data-e-type=\"column\">\n\t\t\t<div class=\"elementor-widget-wrap elementor-element-populated\">\n\t\t\t\t\t\t<div class=\"elementor-element elementor-element-a4a95e7 cea-view-default elementor-widget elementor-widget-ceafeaturebox\" data-id=\"a4a95e7\" data-element_type=\"widget\" data-e-type=\"widget\" data-widget_type=\"ceafeaturebox.default\">\n\t\t\t\t<div class=\"elementor-widget-container feature-box-wrapper feature-box-default\">\n\t\t\t<div class=\"media\"><div class=\"media-icon-part\"><figure class=\"cea-feature-box-img\"><img decoding=\"async\" width=\"40\" height=\"40\" src=\"https:\/\/dev.gesundheits-portal.org\/muster1\/wp-content\/uploads\/2023\/09\/handicap-1-1.png\" class=\"attachment-full size-full img-fluid squared \" alt=\"\" \/><\/figure><\/div><div class=\"media-body align-self-center\"><h3 class=\"feature-box-title\">Individuelle Behandlungspflege<\/h3><\/div><!-- .media-body --><\/div><!-- .media -->\t\t<\/div>\n\t\t\t\t<\/div>\n\t\t\t\t\t<\/div>\n\t\t<\/div>\n\t\t\t\t<div class=\"elementor-column elementor-col-50 elementor-inner-column elementor-element elementor-element-4b0ec44\" data-id=\"4b0ec44\" data-element_type=\"column\" data-e-type=\"column\">\n\t\t\t<div class=\"elementor-widget-wrap elementor-element-populated\">\n\t\t\t\t\t\t<div class=\"elementor-element elementor-element-cf36444 cea-view-default elementor-widget elementor-widget-ceafeaturebox\" data-id=\"cf36444\" data-element_type=\"widget\" data-e-type=\"widget\" data-widget_type=\"ceafeaturebox.default\">\n\t\t\t\t<div class=\"elementor-widget-container feature-box-wrapper feature-box-default\">\n\t\t\t<div class=\"media\"><div class=\"media-icon-part\"><figure class=\"cea-feature-box-img\"><img decoding=\"async\" width=\"40\" height=\"40\" src=\"https:\/\/dev.gesundheits-portal.org\/muster1\/wp-content\/uploads\/2023\/09\/medicine-1-1.png\" class=\"attachment-full size-full img-fluid squared \" alt=\"\" \/><\/figure><\/div><div class=\"media-body align-self-center\"><h3 class=\"feature-box-title\">Medizinische Versorgung<\/h3><\/div><!-- .media-body --><\/div><!-- .media -->\t\t<\/div>\n\t\t\t\t<\/div>\n\t\t\t\t\t<\/div>\n\t\t<\/div>\n\t\t\t\t\t<\/div>\n\t\t<\/section>\n\t\t\t\t<section class=\"elementor-section elementor-inner-section elementor-element elementor-element-1801653 elementor-section-boxed elementor-section-height-default elementor-section-height-default content-parallax-no\" data-id=\"1801653\" data-element_type=\"section\" data-e-type=\"section\">\n\t\t\t\t\t\t<div class=\"elementor-container elementor-column-gap-default\">\n\t\t\t\t\t<div class=\"elementor-column elementor-col-50 elementor-inner-column elementor-element elementor-element-3b2611d\" data-id=\"3b2611d\" data-element_type=\"column\" data-e-type=\"column\">\n\t\t\t<div class=\"elementor-widget-wrap elementor-element-populated\">\n\t\t\t\t\t\t<div class=\"elementor-element elementor-element-36bb442 elementor-invisible elementor-widget elementor-widget-ceabutton\" data-id=\"36bb442\" data-element_type=\"widget\" data-e-type=\"widget\" data-settings=\"{&quot;_animation&quot;:&quot;fadeInUp&quot;}\" data-widget_type=\"ceabutton.default\">\n\t\t\t\t<div class=\"elementor-widget-container cea-button-wrapper\">\n\t\t\t\t\t<div class=\"cea-button-wrapper\">\n\t\t\t<a href=\"\/kontakt\" class=\"cea-button-link elementor-button cea-button elementor-size-sm\">\n\t\t\t\t\t\t<span class=\"cea-button-content-wrapper\">\n\t\t\t\t\t\t<span class=\"cea-button-icon cea-align-icon-right\">\n\t\t\t\t<i aria-hidden=\"true\" class=\" bi-arrow-up-right\"><\/i>\t\t\t<\/span>\n\t\t\t\t\t\t<span class=\"cea-button-text\">Kontakt<\/span>\n\t\t<\/span>\n\t\t\t\t\t<\/a>\n\t\t<\/div>\n\t\t\t\t<\/div>\n\t\t\t\t<\/div>\n\t\t\t\t\t<\/div>\n\t\t<\/div>\n\t\t\t\t<div class=\"elementor-column elementor-col-50 elementor-inner-column elementor-element elementor-element-e1f50dd elementor-hidden-tablet elementor-hidden-mobile\" data-id=\"e1f50dd\" data-element_type=\"column\" data-e-type=\"column\">\n\t\t\t<div class=\"elementor-widget-wrap\">\n\t\t\t\t\t\t\t<\/div>\n\t\t<\/div>\n\t\t\t\t\t<\/div>\n\t\t<\/section>\n\t\t\t\t\t<\/div>\n\t\t<\/div>\n\t\t\t\t<div class=\"elementor-column elementor-col-50 elementor-top-column elementor-element elementor-element-737fe74\" data-id=\"737fe74\" data-element_type=\"column\" data-e-type=\"column\">\n\t\t\t<div class=\"elementor-widget-wrap elementor-element-populated\">\n\t\t\t\t\t\t<div class=\"elementor-element elementor-element-c32276a elementor-widget elementor-widget-image\" data-id=\"c32276a\" data-element_type=\"widget\" data-e-type=\"widget\" data-widget_type=\"image.default\">\n\t\t\t\t\t\t\t\t\t\t\t\t\t\t\t<img fetchpriority=\"high\" decoding=\"async\" width=\"1041\" height=\"694\" src=\"https:\/\/dev.gesundheits-portal.org\/muster1\/wp-content\/uploads\/2022\/07\/blog-img-2.jpg\" class=\"attachment-large size-large wp-image-31213\" alt=\"\" \/>\t\t\t\t\t\t\t\t\t\t\t\t\t\t\t<\/div>\n\t\t\t\t<section class=\"elementor-section elementor-inner-section elementor-element elementor-element-a46aea2 elementor-section-boxed elementor-section-height-default elementor-section-height-default content-parallax-no\" data-id=\"a46aea2\" data-element_type=\"section\" data-e-type=\"section\">\n\t\t\t\t\t\t<div class=\"elementor-container elementor-column-gap-default\">\n\t\t\t\t\t<div class=\"elementor-column elementor-col-50 elementor-inner-column elementor-element elementor-element-d323c56\" data-id=\"d323c56\" data-element_type=\"column\" data-e-type=\"column\">\n\t\t\t<div class=\"elementor-widget-wrap elementor-element-populated\">\n\t\t\t\t\t\t<div class=\"elementor-element elementor-element-8f1211f elementor-widget elementor-widget-image\" data-id=\"8f1211f\" data-element_type=\"widget\" data-e-type=\"widget\" data-widget_type=\"image.default\">\n\t\t\t\t\t\t\t\t\t\t\t\t\t\t\t<img decoding=\"async\" src=\"https:\/\/dev.gesundheits-portal.org\/muster1\/wp-content\/uploads\/elementor\/thumbs\/blog-img-4-rf9vnada41nez81ze1w8kz0td5rk5pf2eqrdnccb0w.jpg\" title=\"blog-img-4\" alt=\"blog-img-4\" loading=\"lazy\" \/>\t\t\t\t\t\t\t\t\t\t\t\t\t\t\t<\/div>\n\t\t\t\t\t<\/div>\n\t\t<\/div>\n\t\t\t\t<div class=\"elementor-column elementor-col-50 elementor-inner-column elementor-element elementor-element-dec37f0\" data-id=\"dec37f0\" data-element_type=\"column\" data-e-type=\"column\">\n\t\t\t<div class=\"elementor-widget-wrap elementor-element-populated\">\n\t\t\t\t\t\t<div class=\"elementor-element elementor-element-bfce23d elementor-widget elementor-widget-image\" data-id=\"bfce23d\" data-element_type=\"widget\" data-e-type=\"widget\" data-widget_type=\"image.default\">\n\t\t\t\t\t\t\t\t\t\t\t\t\t\t\t<img decoding=\"async\" src=\"https:\/\/dev.gesundheits-portal.org\/muster1\/wp-content\/uploads\/elementor\/thumbs\/portfolio-img9-rf9vn6lxcpi9os7g009qazyyzma3ax05285fq8hvps.jpg\" title=\"portfolio-img9\" alt=\"portfolio-img9\" loading=\"lazy\" \/>\t\t\t\t\t\t\t\t\t\t\t\t\t\t\t<\/div>\n\t\t\t\t\t<\/div>\n\t\t<\/div>\n\t\t\t\t\t<\/div>\n\t\t<\/section>\n\t\t\t\t<div class=\"elementor-element elementor-element-5f2e947 cea-view-framed elementor-widget__width-auto elementor-absolute verticle-move elementor-hidden-mobile elementor-hidden-tablet cea-shape-circle elementor-widget elementor-widget-ceafeaturebox\" data-id=\"5f2e947\" data-element_type=\"widget\" data-e-type=\"widget\" data-settings=\"{&quot;_position&quot;:&quot;absolute&quot;}\" data-widget_type=\"ceafeaturebox.default\">\n\t\t\t\t<div class=\"elementor-widget-container feature-box-wrapper feature-box-default\">\n\t\t\t<div class=\"feature-box-inner\"><div class=\"cea-featured-icon\"><svg aria-hidden=\"true\" class=\"e-font-icon-svg e-far-hospital\" viewBox=\"0 0 448 512\" xmlns=\"http:\/\/www.w3.org\/2000\/svg\"><path d=\"M128 244v-40c0-6.627 5.373-12 12-12h40c6.627 0 12 5.373 12 12v40c0 6.627-5.373 12-12 12h-40c-6.627 0-12-5.373-12-12zm140 12h40c6.627 0 12-5.373 12-12v-40c0-6.627-5.373-12-12-12h-40c-6.627 0-12 5.373-12 12v40c0 6.627 5.373 12 12 12zm-76 84v-40c0-6.627-5.373-12-12-12h-40c-6.627 0-12 5.373-12 12v40c0 6.627 5.373 12 12 12h40c6.627 0 12-5.373 12-12zm76 12h40c6.627 0 12-5.373 12-12v-40c0-6.627-5.373-12-12-12h-40c-6.627 0-12 5.373-12 12v40c0 6.627 5.373 12 12 12zm180 124v36H0v-36c0-6.627 5.373-12 12-12h19.5V85.035C31.5 73.418 42.245 64 55.5 64H144V24c0-13.255 10.745-24 24-24h112c13.255 0 24 10.745 24 24v40h88.5c13.255 0 24 9.418 24 21.035V464H436c6.627 0 12 5.373 12 12zM79.5 463H192v-67c0-6.627 5.373-12 12-12h40c6.627 0 12 5.373 12 12v67h112.5V112H304v24c0 13.255-10.745 24-24 24H168c-13.255 0-24-10.745-24-24v-24H79.5v351zM266 64h-26V38a6 6 0 0 0-6-6h-20a6 6 0 0 0-6 6v26h-26a6 6 0 0 0-6 6v20a6 6 0 0 0 6 6h26v26a6 6 0 0 0 6 6h20a6 6 0 0 0 6-6V96h26a6 6 0 0 0 6-6V70a6 6 0 0 0-6-6z\"><\/path><\/svg><\/div><h4 class=\"feature-box-title\">100+<\/h4><div class=\"fbox-content\">Behandlungspflege Eins\u00e4tze<\/div><\/div>\t\t<\/div>\n\t\t\t\t<\/div>\n\t\t\t\t\t<\/div>\n\t\t<\/div>\n\t\t\t\t\t<\/div>\n\t\t<\/section>\n\t\t\t\t<section class=\"elementor-section elementor-top-section elementor-element elementor-element-d3f9b39 elementor-section-content-middle elementor-section-stretched elementor-section-boxed elementor-section-height-default elementor-section-height-default content-parallax-no\" data-id=\"d3f9b39\" data-element_type=\"section\" data-e-type=\"section\" data-settings=\"{&quot;stretch_section&quot;:&quot;section-stretched&quot;,&quot;background_background&quot;:&quot;classic&quot;}\">\n\t\t\t\t\t\t\t<div class=\"elementor-background-overlay\"><\/div>\n\t\t\t\t\t\t\t<div class=\"elementor-container elementor-column-gap-default\">\n\t\t\t\t\t<div class=\"elementor-column elementor-col-50 elementor-top-column elementor-element elementor-element-faf568d\" data-id=\"faf568d\" data-element_type=\"column\" data-e-type=\"column\">\n\t\t\t<div class=\"elementor-widget-wrap elementor-element-populated\">\n\t\t\t\t\t\t<div class=\"elementor-element elementor-element-431924d cea-align-left cea-tablet-align-center elementor-invisible elementor-widget elementor-widget-ceasectiontitle\" data-id=\"431924d\" data-element_type=\"widget\" data-e-type=\"widget\" data-settings=\"{&quot;_animation&quot;:&quot;fadeInUp&quot;}\" data-widget_type=\"ceasectiontitle.default\">\n\t\t\t\t<div class=\"elementor-widget-container\">\n\t\t\t\t\t<div class=\"section-title-wrapper\"><div class=\"title-wrap\"><p class=\"sub-title\"><span class=\"subtitle-dots \" >Was bieten wir<\/span><\/p><h2 class=\"section-title none cea-nrml\" data-animation=\"none\"  >Was geh\u00f6rt zur Behandlungspflege?<\/h2><\/div><!-- .title-wrap --><div class=\"section-description\"><p class=\"section-content\">Wir f\u00fchren medizinische Ma\u00dfnahmen zuhause durch, damit Ihre Versorgung sicher und zuverl\u00e4ssig bleibt.\n<\/p><\/div><!-- .section-description --><\/div><!-- .section-title-wrapper -->\t\t\t\t<\/div>\n\t\t\t\t<\/div>\n\t\t\t\t<section class=\"elementor-section elementor-inner-section elementor-element elementor-element-e9d00ca elementor-section-content-middle elementor-section-boxed elementor-section-height-default elementor-section-height-default content-parallax-no\" data-id=\"e9d00ca\" data-element_type=\"section\" data-e-type=\"section\">\n\t\t\t\t\t\t<div class=\"elementor-container elementor-column-gap-default\">\n\t\t\t\t\t<div class=\"elementor-column elementor-col-100 elementor-inner-column elementor-element elementor-element-16fc417\" data-id=\"16fc417\" data-element_type=\"column\" data-e-type=\"column\">\n\t\t\t<div class=\"elementor-widget-wrap elementor-element-populated\">\n\t\t\t\t\t\t<div class=\"elementor-element elementor-element-b175889 elementor-widget elementor-widget-ceabutton\" data-id=\"b175889\" data-element_type=\"widget\" data-e-type=\"widget\" data-widget_type=\"ceabutton.default\">\n\t\t\t\t<div class=\"elementor-widget-container cea-button-wrapper\">\n\t\t\t\t\t<div class=\"cea-button-wrapper\">\n\t\t\t<a href=\"\/kontakt\" class=\"cea-button-link elementor-button cea-button elementor-size-sm\">\n\t\t\t\t\t\t<span class=\"cea-button-content-wrapper\">\n\t\t\t\t\t\t<span class=\"cea-button-icon cea-align-icon-right\">\n\t\t\t\t<i aria-hidden=\"true\" class=\" bi-arrow-up-right\"><\/i>\t\t\t<\/span>\n\t\t\t\t\t\t<span class=\"cea-button-text\">Kontakt<\/span>\n\t\t<\/span>\n\t\t\t\t\t<\/a>\n\t\t<\/div>\n\t\t\t\t<\/div>\n\t\t\t\t<\/div>\n\t\t\t\t\t<\/div>\n\t\t<\/div>\n\t\t\t\t\t<\/div>\n\t\t<\/section>\n\t\t\t\t\t<\/div>\n\t\t<\/div>\n\t\t\t\t<div class=\"elementor-column elementor-col-50 elementor-top-column elementor-element elementor-element-e3b12e8\" data-id=\"e3b12e8\" data-element_type=\"column\" data-e-type=\"column\">\n\t\t\t<div class=\"elementor-widget-wrap elementor-element-populated\">\n\t\t\t\t\t\t<section class=\"elementor-section elementor-inner-section elementor-element elementor-element-f9d6f75 elementor-section-boxed elementor-section-height-default elementor-section-height-default content-parallax-no\" data-id=\"f9d6f75\" data-element_type=\"section\" data-e-type=\"section\">\n\t\t\t\t\t\t<div class=\"elementor-container elementor-column-gap-default\">\n\t\t\t\t\t<div class=\"elementor-column elementor-col-50 elementor-inner-column elementor-element elementor-element-3193b25\" data-id=\"3193b25\" data-element_type=\"column\" data-e-type=\"column\">\n\t\t\t<div class=\"elementor-widget-wrap elementor-element-populated\">\n\t\t\t\t\t\t<div class=\"elementor-element elementor-element-d398823 cea-view-default elementor-widget elementor-widget-ceafeaturebox\" data-id=\"d398823\" data-element_type=\"widget\" data-e-type=\"widget\" data-widget_type=\"ceafeaturebox.default\">\n\t\t\t\t<div class=\"elementor-widget-container feature-box-wrapper feature-box-default\">\n\t\t\t<div class=\"media\"><div class=\"media-icon-part align-self-center\"><figure class=\"cea-feature-box-img\"><img decoding=\"async\" src=\"https:\/\/dev.gesundheits-portal.org\/muster1\/wp-content\/uploads\/elementor\/thumbs\/elderly-3-rf9vk5keh3k9kjh5zp52gwjb8914u45z06zf7q3zbk.png\" title=\"elderly\" alt=\"elderly\" class=\"img-fluid squared \" \/><\/figure><\/div><div class=\"media-body align-self-center\"><h3 class=\"feature-box-title\">Medikamentengabe<\/h3><\/div><!-- .media-body --><\/div><!-- .media -->\t\t<\/div>\n\t\t\t\t<\/div>\n\t\t\t\t<div class=\"elementor-element elementor-element-850ac0c cea-view-default elementor-widget elementor-widget-ceafeaturebox\" data-id=\"850ac0c\" data-element_type=\"widget\" data-e-type=\"widget\" data-widget_type=\"ceafeaturebox.default\">\n\t\t\t\t<div class=\"elementor-widget-container feature-box-wrapper feature-box-default\">\n\t\t\t<div class=\"media\"><div class=\"media-icon-part align-self-center\"><figure class=\"cea-feature-box-img\"><img decoding=\"async\" src=\"https:\/\/dev.gesundheits-portal.org\/muster1\/wp-content\/uploads\/elementor\/thumbs\/nursing-home-1-rf9vk5keh3k9kjh5zp52gwjb8914u45z06zf7q3zbk.png\" title=\"nursing-home\" alt=\"nursing-home\" class=\"img-fluid squared \" \/><\/figure><\/div><div class=\"media-body align-self-center\"><h3 class=\"feature-box-title\">Katheter- &amp; Stomapflege<\/h3><\/div><!-- .media-body --><\/div><!-- .media -->\t\t<\/div>\n\t\t\t\t<\/div>\n\t\t\t\t<div class=\"elementor-element elementor-element-e898777 cea-view-default elementor-widget elementor-widget-ceafeaturebox\" data-id=\"e898777\" data-element_type=\"widget\" data-e-type=\"widget\" data-widget_type=\"ceafeaturebox.default\">\n\t\t\t\t<div class=\"elementor-widget-container feature-box-wrapper feature-box-default\">\n\t\t\t<div class=\"media\"><div class=\"media-icon-part align-self-center\"><figure class=\"cea-feature-box-img\"><img decoding=\"async\" src=\"https:\/\/dev.gesundheits-portal.org\/muster1\/wp-content\/uploads\/elementor\/thumbs\/patient-1-rf9vkgugr3zpfv0s5u0latoucvhjeher1qt8z1n98w.png\" title=\"patient\" alt=\"patient\" class=\"img-fluid squared \" \/><\/figure><\/div><div class=\"media-body align-self-center\"><h3 class=\"feature-box-title\">Verbandswechsel<\/h3><\/div><!-- .media-body --><\/div><!-- .media -->\t\t<\/div>\n\t\t\t\t<\/div>\n\t\t\t\t\t<\/div>\n\t\t<\/div>\n\t\t\t\t<div class=\"elementor-column elementor-col-50 elementor-inner-column elementor-element elementor-element-2dbd408\" data-id=\"2dbd408\" data-element_type=\"column\" data-e-type=\"column\">\n\t\t\t<div class=\"elementor-widget-wrap elementor-element-populated\">\n\t\t\t\t\t\t<div class=\"elementor-element elementor-element-58563b3 cea-view-default elementor-widget elementor-widget-ceafeaturebox\" data-id=\"58563b3\" data-element_type=\"widget\" data-e-type=\"widget\" data-widget_type=\"ceafeaturebox.default\">\n\t\t\t\t<div class=\"elementor-widget-container feature-box-wrapper feature-box-default\">\n\t\t\t<div class=\"media\"><div class=\"media-icon-part align-self-center\"><figure class=\"cea-feature-box-img\"><img decoding=\"async\" src=\"https:\/\/dev.gesundheits-portal.org\/muster1\/wp-content\/uploads\/elementor\/thumbs\/medical-team-1-rf9vk6i8nxljw5fsu7jp1eartmwi1t9pcbmwp02l5c.png\" title=\"medical-team\" alt=\"medical-team\" class=\"img-fluid squared \" \/><\/figure><\/div><div class=\"media-body align-self-center\"><h3 class=\"feature-box-title\">Kompressionsstr\u00fcmpfe<\/h3><\/div><!-- .media-body --><\/div><!-- .media -->\t\t<\/div>\n\t\t\t\t<\/div>\n\t\t\t\t<div class=\"elementor-element elementor-element-846fffe cea-view-default elementor-widget elementor-widget-ceafeaturebox\" data-id=\"846fffe\" data-element_type=\"widget\" data-e-type=\"widget\" data-widget_type=\"ceafeaturebox.default\">\n\t\t\t\t<div class=\"elementor-widget-container feature-box-wrapper feature-box-default\">\n\t\t\t<div class=\"media\"><div class=\"media-icon-part align-self-center\"><figure class=\"cea-feature-box-img\"><img decoding=\"async\" src=\"https:\/\/dev.gesundheits-portal.org\/muster1\/wp-content\/uploads\/elementor\/thumbs\/24-hours-support-rf9vmz2yz7f8efdpix0ry6x3dv4rxfcze5fv1lxgnk.png\" title=\"24-hours-support\" alt=\"24-hours-support\" class=\"img-fluid squared \" \/><\/figure><\/div><div class=\"media-body align-self-center\"><h3 class=\"feature-box-title\">Blutdruck- &amp; Blutzuckerkontrolle<\/h3><\/div><!-- .media-body --><\/div><!-- .media -->\t\t<\/div>\n\t\t\t\t<\/div>\n\t\t\t\t<div class=\"elementor-element elementor-element-a68afcf cea-view-default elementor-widget elementor-widget-ceafeaturebox\" data-id=\"a68afcf\" data-element_type=\"widget\" data-e-type=\"widget\" data-widget_type=\"ceafeaturebox.default\">\n\t\t\t\t<div class=\"elementor-widget-container feature-box-wrapper feature-box-default\">\n\t\t\t<div class=\"media\"><div class=\"media-icon-part align-self-center\"><figure class=\"cea-feature-box-img\"><img decoding=\"async\" src=\"https:\/\/dev.gesundheits-portal.org\/muster1\/wp-content\/uploads\/elementor\/thumbs\/ambulance-1-rf9vkgugr3zpfv0s5u0latoucvhjeher1qt8z1n98w.png\" title=\"ambulance\" alt=\"ambulance\" class=\"img-fluid squared \" \/><\/figure><\/div><div class=\"media-body align-self-center\"><h3 class=\"feature-box-title\">Injektionen<\/h3><\/div><!-- .media-body --><\/div><!-- .media -->\t\t<\/div>\n\t\t\t\t<\/div>\n\t\t\t\t\t<\/div>\n\t\t<\/div>\n\t\t\t\t\t<\/div>\n\t\t<\/section>\n\t\t\t\t\t<\/div>\n\t\t<\/div>\n\t\t\t\t\t<\/div>\n\t\t<\/section>\n\t\t\t\t<\/div>\n\t\t","protected":false},"excerpt":{"rendered":"<p>Behandlungspflege Wir leisten medizinische Pflege sicher und zuverl\u00e4ssig Wir f\u00fchren \u00e4rztlich verordnete Ma\u00dfnahmen direkt bei Ihnen zuhause durch. Dazu geh\u00f6ren u. a. Medikamentengabe, Verbandswechsel, Injektionen und die Kontrolle wichtiger Vitalwerte \u2013 professionell, sorgf\u00e4ltig und immer nach h\u00f6chsten Standards. Unsere Behandlungspflege sorgt f\u00fcr medizinische Sicherheit und entlastet Patienten sowie Angeh\u00f6rige im..<\/p>\n","protected":false},"author":2,"featured_media":0,"parent":0,"menu_order":0,"comment_status":"closed","ping_status":"closed","template":"","meta":{"footnotes":""},"class_list":["post-64627","page","type-page","status-publish","hentry"],"_links":{"self":[{"href":"https:\/\/dev.gesundheits-portal.org\/muster1\/wp-json\/wp\/v2\/pages\/64627","targetHints":{"allow":["GET"]}}],"collection":[{"href":"https:\/\/dev.gesundheits-portal.org\/muster1\/wp-json\/wp\/v2\/pages"}],"about":[{"href":"https:\/\/dev.gesundheits-portal.org\/muster1\/wp-json\/wp\/v2\/types\/page"}],"author":[{"embeddable":true,"href":"https:\/\/dev.gesundheits-portal.org\/muster1\/wp-json\/wp\/v2\/users\/2"}],"replies":[{"embeddable":true,"href":"https:\/\/dev.gesundheits-portal.org\/muster1\/wp-json\/wp\/v2\/comments?post=64627"}],"version-history":[{"count":4,"href":"https:\/\/dev.gesundheits-portal.org\/muster1\/wp-json\/wp\/v2\/pages\/64627\/revisions"}],"predecessor-version":[{"id":64635,"href":"https:\/\/dev.gesundheits-portal.org\/muster1\/wp-json\/wp\/v2\/pages\/64627\/revisions\/64635"}],"wp:attachment":[{"href":"https:\/\/dev.gesundheits-portal.org\/muster1\/wp-json\/wp\/v2\/media?parent=64627"}],"curies":[{"name":"wp","href":"https:\/\/api.w.org\/{rel}","templated":true}]}}