{"id":64660,"date":"2025-11-27T12:16:30","date_gmt":"2025-11-27T11:16:30","guid":{"rendered":"https:\/\/dev.gesundheits-portal.org\/muster1\/?page_id=64660"},"modified":"2025-11-27T12:20:19","modified_gmt":"2025-11-27T11:20:19","slug":"seniorenbetreuung","status":"publish","type":"page","link":"https:\/\/dev.gesundheits-portal.org\/muster1\/seniorenbetreuung\/","title":{"rendered":"Seniorenbetreuung"},"content":{"rendered":"\t\t<div data-elementor-type=\"wp-page\" data-elementor-id=\"64660\" class=\"elementor elementor-64660\">\n\t\t\t\t\t\t<section class=\"elementor-section elementor-top-section elementor-element elementor-element-5ec236d elementor-section-stretched elementor-section-boxed elementor-section-height-default elementor-section-height-default content-parallax-no\" data-id=\"5ec236d\" data-element_type=\"section\" data-e-type=\"section\" data-settings=\"{&quot;stretch_section&quot;:&quot;section-stretched&quot;}\">\n\t\t\t\t\t\t<div class=\"elementor-container elementor-column-gap-default\">\n\t\t\t\t\t<div class=\"elementor-column elementor-col-50 elementor-top-column elementor-element elementor-element-7b902ce\" data-id=\"7b902ce\" data-element_type=\"column\" data-e-type=\"column\">\n\t\t\t<div class=\"elementor-widget-wrap elementor-element-populated\">\n\t\t\t\t\t\t<div class=\"elementor-element elementor-element-ec9c939 cea-align-left elementor-invisible elementor-widget elementor-widget-ceasectiontitle\" data-id=\"ec9c939\" data-element_type=\"widget\" data-e-type=\"widget\" data-settings=\"{&quot;_animation&quot;:&quot;fadeInUp&quot;}\" data-widget_type=\"ceasectiontitle.default\">\n\t\t\t\t<div class=\"elementor-widget-container\">\n\t\t\t\t\t<div class=\"section-title-wrapper\"><div class=\"title-wrap\"><p class=\"sub-title\"><span class=\"subtitle-dots \" >Seniorenbetreuung<\/span><\/p><h3 class=\"section-title none cea-nrml\" data-animation=\"none\"  >Wir sorgen t\u00e4glich f\u00fcr wertvolle Zeit & ein sicheres Gef\u00fchl<\/h3><\/div><!-- .title-wrap --><div class=\"section-description\"><p class=\"section-content\">Wir begleiten Senioren zuhause bei allem, was den Alltag sch\u00f6ner und leichter macht. Dazu geh\u00f6ren Gespr\u00e4che, gemeinsame Aktivit\u00e4ten, Orientierung, Gesellschaft und emotionale Unterst\u00fctzung \u2013 immer respektvoll, einf\u00fchlsam und zuverl\u00e4ssig. Unsere Betreuung entlastet sowohl Senioren als auch Angeh\u00f6rige und schafft sp\u00fcrbare Lebensfreude im t\u00e4glichen Leben. Genau das macht unsere Seniorenbetreuung zu einem wichtigen Baustein f\u00fcr mehr Wohlbefinden.<\/p><\/div><!-- .section-description --><\/div><!-- .section-title-wrapper -->\t\t\t\t<\/div>\n\t\t\t\t<\/div>\n\t\t\t\t<section class=\"elementor-section elementor-inner-section elementor-element elementor-element-2aaf857 elementor-section-boxed elementor-section-height-default elementor-section-height-default content-parallax-no\" data-id=\"2aaf857\" data-element_type=\"section\" data-e-type=\"section\">\n\t\t\t\t\t\t<div class=\"elementor-container elementor-column-gap-default\">\n\t\t\t\t\t<div class=\"elementor-column elementor-col-50 elementor-inner-column elementor-element elementor-element-44db110\" data-id=\"44db110\" data-element_type=\"column\" data-e-type=\"column\">\n\t\t\t<div class=\"elementor-widget-wrap elementor-element-populated\">\n\t\t\t\t\t\t<div class=\"elementor-element elementor-element-c9af014 cea-view-default elementor-widget elementor-widget-ceafeaturebox\" data-id=\"c9af014\" data-element_type=\"widget\" data-e-type=\"widget\" data-widget_type=\"ceafeaturebox.default\">\n\t\t\t\t<div class=\"elementor-widget-container feature-box-wrapper feature-box-default\">\n\t\t\t<div class=\"media\"><div class=\"media-icon-part\"><figure class=\"cea-feature-box-img\"><img decoding=\"async\" width=\"40\" height=\"40\" src=\"https:\/\/dev.gesundheits-portal.org\/muster1\/wp-content\/uploads\/2023\/09\/handicap-1-1.png\" class=\"attachment-full size-full img-fluid squared \" alt=\"\" \/><\/figure><\/div><div class=\"media-body align-self-center\"><h3 class=\"feature-box-title\">Individuelle Betreuung<\/h3><\/div><!-- .media-body --><\/div><!-- .media -->\t\t<\/div>\n\t\t\t\t<\/div>\n\t\t\t\t\t<\/div>\n\t\t<\/div>\n\t\t\t\t<div class=\"elementor-column elementor-col-50 elementor-inner-column elementor-element elementor-element-ce57008\" data-id=\"ce57008\" data-element_type=\"column\" data-e-type=\"column\">\n\t\t\t<div class=\"elementor-widget-wrap elementor-element-populated\">\n\t\t\t\t\t\t<div class=\"elementor-element elementor-element-ef1857d cea-view-default elementor-widget elementor-widget-ceafeaturebox\" data-id=\"ef1857d\" data-element_type=\"widget\" data-e-type=\"widget\" data-widget_type=\"ceafeaturebox.default\">\n\t\t\t\t<div class=\"elementor-widget-container feature-box-wrapper feature-box-default\">\n\t\t\t<div class=\"media\"><div class=\"media-icon-part\"><figure class=\"cea-feature-box-img\"><img decoding=\"async\" width=\"40\" height=\"40\" src=\"https:\/\/dev.gesundheits-portal.org\/muster1\/wp-content\/uploads\/2023\/09\/medicine-1-1.png\" class=\"attachment-full size-full img-fluid squared \" alt=\"\" \/><\/figure><\/div><div class=\"media-body align-self-center\"><h3 class=\"feature-box-title\">Alltagsbegleitung<\/h3><\/div><!-- .media-body --><\/div><!-- .media -->\t\t<\/div>\n\t\t\t\t<\/div>\n\t\t\t\t\t<\/div>\n\t\t<\/div>\n\t\t\t\t\t<\/div>\n\t\t<\/section>\n\t\t\t\t<section class=\"elementor-section elementor-inner-section elementor-element elementor-element-0c3e7c5 elementor-section-boxed elementor-section-height-default elementor-section-height-default content-parallax-no\" data-id=\"0c3e7c5\" data-element_type=\"section\" data-e-type=\"section\">\n\t\t\t\t\t\t<div class=\"elementor-container elementor-column-gap-default\">\n\t\t\t\t\t<div class=\"elementor-column elementor-col-50 elementor-inner-column elementor-element elementor-element-6853bd1\" data-id=\"6853bd1\" data-element_type=\"column\" data-e-type=\"column\">\n\t\t\t<div class=\"elementor-widget-wrap elementor-element-populated\">\n\t\t\t\t\t\t<div class=\"elementor-element elementor-element-5798c06 elementor-invisible elementor-widget elementor-widget-ceabutton\" data-id=\"5798c06\" data-element_type=\"widget\" data-e-type=\"widget\" data-settings=\"{&quot;_animation&quot;:&quot;fadeInUp&quot;}\" data-widget_type=\"ceabutton.default\">\n\t\t\t\t<div class=\"elementor-widget-container cea-button-wrapper\">\n\t\t\t\t\t<div class=\"cea-button-wrapper\">\n\t\t\t<a href=\"\/kontakt\" class=\"cea-button-link elementor-button cea-button elementor-size-sm\">\n\t\t\t\t\t\t<span class=\"cea-button-content-wrapper\">\n\t\t\t\t\t\t<span class=\"cea-button-icon cea-align-icon-right\">\n\t\t\t\t<i aria-hidden=\"true\" class=\" bi-arrow-up-right\"><\/i>\t\t\t<\/span>\n\t\t\t\t\t\t<span class=\"cea-button-text\">Kontakt<\/span>\n\t\t<\/span>\n\t\t\t\t\t<\/a>\n\t\t<\/div>\n\t\t\t\t<\/div>\n\t\t\t\t<\/div>\n\t\t\t\t\t<\/div>\n\t\t<\/div>\n\t\t\t\t<div class=\"elementor-column elementor-col-50 elementor-inner-column elementor-element elementor-element-56b70ed elementor-hidden-tablet elementor-hidden-mobile\" data-id=\"56b70ed\" data-element_type=\"column\" data-e-type=\"column\">\n\t\t\t<div class=\"elementor-widget-wrap\">\n\t\t\t\t\t\t\t<\/div>\n\t\t<\/div>\n\t\t\t\t\t<\/div>\n\t\t<\/section>\n\t\t\t\t\t<\/div>\n\t\t<\/div>\n\t\t\t\t<div class=\"elementor-column elementor-col-50 elementor-top-column elementor-element elementor-element-b6f0fd6\" data-id=\"b6f0fd6\" data-element_type=\"column\" data-e-type=\"column\">\n\t\t\t<div class=\"elementor-widget-wrap elementor-element-populated\">\n\t\t\t\t\t\t<div class=\"elementor-element elementor-element-0deeefd elementor-widget elementor-widget-image\" data-id=\"0deeefd\" data-element_type=\"widget\" data-e-type=\"widget\" data-widget_type=\"image.default\">\n\t\t\t\t\t\t\t\t\t\t\t\t\t\t\t<img fetchpriority=\"high\" decoding=\"async\" width=\"1041\" height=\"694\" src=\"https:\/\/dev.gesundheits-portal.org\/muster1\/wp-content\/uploads\/2022\/07\/blog-img-2.jpg\" class=\"attachment-large size-large wp-image-31213\" alt=\"\" \/>\t\t\t\t\t\t\t\t\t\t\t\t\t\t\t<\/div>\n\t\t\t\t<section class=\"elementor-section elementor-inner-section elementor-element elementor-element-54a7c3d elementor-section-boxed elementor-section-height-default elementor-section-height-default content-parallax-no\" data-id=\"54a7c3d\" data-element_type=\"section\" data-e-type=\"section\">\n\t\t\t\t\t\t<div class=\"elementor-container elementor-column-gap-default\">\n\t\t\t\t\t<div class=\"elementor-column elementor-col-50 elementor-inner-column elementor-element elementor-element-c8a2752\" data-id=\"c8a2752\" data-element_type=\"column\" data-e-type=\"column\">\n\t\t\t<div class=\"elementor-widget-wrap elementor-element-populated\">\n\t\t\t\t\t\t<div class=\"elementor-element elementor-element-9eefbc0 elementor-widget elementor-widget-image\" data-id=\"9eefbc0\" data-element_type=\"widget\" data-e-type=\"widget\" data-widget_type=\"image.default\">\n\t\t\t\t\t\t\t\t\t\t\t\t\t\t\t<img decoding=\"async\" src=\"https:\/\/dev.gesundheits-portal.org\/muster1\/wp-content\/uploads\/elementor\/thumbs\/blog-img-4-rf9vnada41nez81ze1w8kz0td5rk5pf2eqrdnccb0w.jpg\" title=\"blog-img-4\" alt=\"blog-img-4\" loading=\"lazy\" \/>\t\t\t\t\t\t\t\t\t\t\t\t\t\t\t<\/div>\n\t\t\t\t\t<\/div>\n\t\t<\/div>\n\t\t\t\t<div class=\"elementor-column elementor-col-50 elementor-inner-column elementor-element elementor-element-c35aad2\" data-id=\"c35aad2\" data-element_type=\"column\" data-e-type=\"column\">\n\t\t\t<div class=\"elementor-widget-wrap elementor-element-populated\">\n\t\t\t\t\t\t<div class=\"elementor-element elementor-element-39c450c elementor-widget elementor-widget-image\" data-id=\"39c450c\" data-element_type=\"widget\" data-e-type=\"widget\" data-widget_type=\"image.default\">\n\t\t\t\t\t\t\t\t\t\t\t\t\t\t\t<img decoding=\"async\" src=\"https:\/\/dev.gesundheits-portal.org\/muster1\/wp-content\/uploads\/elementor\/thumbs\/portfolio-img9-rf9vn6lxcpi9os7g009qazyyzma3ax05285fq8hvps.jpg\" title=\"portfolio-img9\" alt=\"portfolio-img9\" loading=\"lazy\" \/>\t\t\t\t\t\t\t\t\t\t\t\t\t\t\t<\/div>\n\t\t\t\t\t<\/div>\n\t\t<\/div>\n\t\t\t\t\t<\/div>\n\t\t<\/section>\n\t\t\t\t<div class=\"elementor-element elementor-element-d855424 cea-view-framed elementor-widget__width-auto elementor-absolute verticle-move elementor-hidden-mobile elementor-hidden-tablet cea-shape-circle elementor-widget elementor-widget-ceafeaturebox\" data-id=\"d855424\" data-element_type=\"widget\" data-e-type=\"widget\" data-settings=\"{&quot;_position&quot;:&quot;absolute&quot;}\" data-widget_type=\"ceafeaturebox.default\">\n\t\t\t\t<div class=\"elementor-widget-container feature-box-wrapper feature-box-default\">\n\t\t\t<div class=\"feature-box-inner\"><div class=\"cea-featured-icon\"><svg aria-hidden=\"true\" class=\"e-font-icon-svg e-far-hospital\" viewBox=\"0 0 448 512\" xmlns=\"http:\/\/www.w3.org\/2000\/svg\"><path d=\"M128 244v-40c0-6.627 5.373-12 12-12h40c6.627 0 12 5.373 12 12v40c0 6.627-5.373 12-12 12h-40c-6.627 0-12-5.373-12-12zm140 12h40c6.627 0 12-5.373 12-12v-40c0-6.627-5.373-12-12-12h-40c-6.627 0-12 5.373-12 12v40c0 6.627 5.373 12 12 12zm-76 84v-40c0-6.627-5.373-12-12-12h-40c-6.627 0-12 5.373-12 12v40c0 6.627 5.373 12 12 12h40c6.627 0 12-5.373 12-12zm76 12h40c6.627 0 12-5.373 12-12v-40c0-6.627-5.373-12-12-12h-40c-6.627 0-12 5.373-12 12v40c0 6.627 5.373 12 12 12zm180 124v36H0v-36c0-6.627 5.373-12 12-12h19.5V85.035C31.5 73.418 42.245 64 55.5 64H144V24c0-13.255 10.745-24 24-24h112c13.255 0 24 10.745 24 24v40h88.5c13.255 0 24 9.418 24 21.035V464H436c6.627 0 12 5.373 12 12zM79.5 463H192v-67c0-6.627 5.373-12 12-12h40c6.627 0 12 5.373 12 12v67h112.5V112H304v24c0 13.255-10.745 24-24 24H168c-13.255 0-24-10.745-24-24v-24H79.5v351zM266 64h-26V38a6 6 0 0 0-6-6h-20a6 6 0 0 0-6 6v26h-26a6 6 0 0 0-6 6v20a6 6 0 0 0 6 6h26v26a6 6 0 0 0 6 6h20a6 6 0 0 0 6-6V96h26a6 6 0 0 0 6-6V70a6 6 0 0 0-6-6z\"><\/path><\/svg><\/div><h4 class=\"feature-box-title\">100+<\/h4><div class=\"fbox-content\">Betreuungs-Eins\u00e4tze<\/div><\/div>\t\t<\/div>\n\t\t\t\t<\/div>\n\t\t\t\t\t<\/div>\n\t\t<\/div>\n\t\t\t\t\t<\/div>\n\t\t<\/section>\n\t\t\t\t<section class=\"elementor-section elementor-top-section elementor-element elementor-element-c615fed elementor-section-content-middle elementor-section-stretched elementor-section-boxed elementor-section-height-default elementor-section-height-default content-parallax-no\" data-id=\"c615fed\" data-element_type=\"section\" data-e-type=\"section\" data-settings=\"{&quot;stretch_section&quot;:&quot;section-stretched&quot;,&quot;background_background&quot;:&quot;classic&quot;}\">\n\t\t\t\t\t\t\t<div class=\"elementor-background-overlay\"><\/div>\n\t\t\t\t\t\t\t<div class=\"elementor-container elementor-column-gap-default\">\n\t\t\t\t\t<div class=\"elementor-column elementor-col-50 elementor-top-column elementor-element elementor-element-7ebc699\" data-id=\"7ebc699\" data-element_type=\"column\" data-e-type=\"column\">\n\t\t\t<div class=\"elementor-widget-wrap elementor-element-populated\">\n\t\t\t\t\t\t<div class=\"elementor-element elementor-element-1efda34 cea-align-left cea-tablet-align-center elementor-invisible elementor-widget elementor-widget-ceasectiontitle\" data-id=\"1efda34\" data-element_type=\"widget\" data-e-type=\"widget\" data-settings=\"{&quot;_animation&quot;:&quot;fadeInUp&quot;}\" data-widget_type=\"ceasectiontitle.default\">\n\t\t\t\t<div class=\"elementor-widget-container\">\n\t\t\t\t\t<div class=\"section-title-wrapper\"><div class=\"title-wrap\"><p class=\"sub-title\"><span class=\"subtitle-dots \" >Was bieten wir<\/span><\/p><h2 class=\"section-title none cea-nrml\" data-animation=\"none\"  >Was geh\u00f6rt zur Seniorenbetreuung?<\/h2><\/div><!-- .title-wrap --><div class=\"section-description\"><p class=\"section-content\">Wir begleiten im Alltag, schaffen Struktur und bieten wertvolle Zeit & Sicherheit.<\/p><\/div><!-- .section-description --><\/div><!-- .section-title-wrapper -->\t\t\t\t<\/div>\n\t\t\t\t<\/div>\n\t\t\t\t<section class=\"elementor-section elementor-inner-section elementor-element elementor-element-f137af2 elementor-section-content-middle elementor-section-boxed elementor-section-height-default elementor-section-height-default content-parallax-no\" data-id=\"f137af2\" data-element_type=\"section\" data-e-type=\"section\">\n\t\t\t\t\t\t<div class=\"elementor-container elementor-column-gap-default\">\n\t\t\t\t\t<div class=\"elementor-column elementor-col-100 elementor-inner-column elementor-element elementor-element-ea5e5e0\" data-id=\"ea5e5e0\" data-element_type=\"column\" data-e-type=\"column\">\n\t\t\t<div class=\"elementor-widget-wrap elementor-element-populated\">\n\t\t\t\t\t\t<div class=\"elementor-element elementor-element-1f84f94 elementor-widget elementor-widget-ceabutton\" data-id=\"1f84f94\" data-element_type=\"widget\" data-e-type=\"widget\" data-widget_type=\"ceabutton.default\">\n\t\t\t\t<div class=\"elementor-widget-container cea-button-wrapper\">\n\t\t\t\t\t<div class=\"cea-button-wrapper\">\n\t\t\t<a href=\"\/kontakt\" class=\"cea-button-link elementor-button cea-button elementor-size-sm\">\n\t\t\t\t\t\t<span class=\"cea-button-content-wrapper\">\n\t\t\t\t\t\t<span class=\"cea-button-icon cea-align-icon-right\">\n\t\t\t\t<i aria-hidden=\"true\" class=\" bi-arrow-up-right\"><\/i>\t\t\t<\/span>\n\t\t\t\t\t\t<span class=\"cea-button-text\">Kontakt<\/span>\n\t\t<\/span>\n\t\t\t\t\t<\/a>\n\t\t<\/div>\n\t\t\t\t<\/div>\n\t\t\t\t<\/div>\n\t\t\t\t\t<\/div>\n\t\t<\/div>\n\t\t\t\t\t<\/div>\n\t\t<\/section>\n\t\t\t\t\t<\/div>\n\t\t<\/div>\n\t\t\t\t<div class=\"elementor-column elementor-col-50 elementor-top-column elementor-element elementor-element-7d1c6c8\" data-id=\"7d1c6c8\" data-element_type=\"column\" data-e-type=\"column\">\n\t\t\t<div class=\"elementor-widget-wrap elementor-element-populated\">\n\t\t\t\t\t\t<section class=\"elementor-section elementor-inner-section elementor-element elementor-element-2c0cac9 elementor-section-boxed elementor-section-height-default elementor-section-height-default content-parallax-no\" data-id=\"2c0cac9\" data-element_type=\"section\" data-e-type=\"section\">\n\t\t\t\t\t\t<div class=\"elementor-container elementor-column-gap-default\">\n\t\t\t\t\t<div class=\"elementor-column elementor-col-50 elementor-inner-column elementor-element elementor-element-3981a4d\" data-id=\"3981a4d\" data-element_type=\"column\" data-e-type=\"column\">\n\t\t\t<div class=\"elementor-widget-wrap elementor-element-populated\">\n\t\t\t\t\t\t<div class=\"elementor-element elementor-element-a456936 cea-view-default elementor-widget elementor-widget-ceafeaturebox\" data-id=\"a456936\" data-element_type=\"widget\" data-e-type=\"widget\" data-widget_type=\"ceafeaturebox.default\">\n\t\t\t\t<div class=\"elementor-widget-container feature-box-wrapper feature-box-default\">\n\t\t\t<div class=\"media\"><div class=\"media-icon-part align-self-center\"><figure class=\"cea-feature-box-img\"><img decoding=\"async\" src=\"https:\/\/dev.gesundheits-portal.org\/muster1\/wp-content\/uploads\/elementor\/thumbs\/elderly-3-rf9vk5keh3k9kjh5zp52gwjb8914u45z06zf7q3zbk.png\" title=\"elderly\" alt=\"elderly\" class=\"img-fluid squared \" \/><\/figure><\/div><div class=\"media-body align-self-center\"><h3 class=\"feature-box-title\">Aktivit\u00e4ten &amp; Spazierg\u00e4nge<\/h3><\/div><!-- .media-body --><\/div><!-- .media -->\t\t<\/div>\n\t\t\t\t<\/div>\n\t\t\t\t<div class=\"elementor-element elementor-element-c40ceab cea-view-default elementor-widget elementor-widget-ceafeaturebox\" data-id=\"c40ceab\" data-element_type=\"widget\" data-e-type=\"widget\" data-widget_type=\"ceafeaturebox.default\">\n\t\t\t\t<div class=\"elementor-widget-container feature-box-wrapper feature-box-default\">\n\t\t\t<div class=\"media\"><div class=\"media-icon-part align-self-center\"><figure class=\"cea-feature-box-img\"><img decoding=\"async\" src=\"https:\/\/dev.gesundheits-portal.org\/muster1\/wp-content\/uploads\/elementor\/thumbs\/nursing-home-1-rf9vk5keh3k9kjh5zp52gwjb8914u45z06zf7q3zbk.png\" title=\"nursing-home\" alt=\"nursing-home\" class=\"img-fluid squared \" \/><\/figure><\/div><div class=\"media-body align-self-center\"><h3 class=\"feature-box-title\">Orientierung &amp; Tagesstruktur<\/h3><\/div><!-- .media-body --><\/div><!-- .media -->\t\t<\/div>\n\t\t\t\t<\/div>\n\t\t\t\t<div class=\"elementor-element elementor-element-bbe265b cea-view-default elementor-widget elementor-widget-ceafeaturebox\" data-id=\"bbe265b\" data-element_type=\"widget\" data-e-type=\"widget\" data-widget_type=\"ceafeaturebox.default\">\n\t\t\t\t<div class=\"elementor-widget-container feature-box-wrapper feature-box-default\">\n\t\t\t<div class=\"media\"><div class=\"media-icon-part align-self-center\"><figure class=\"cea-feature-box-img\"><img decoding=\"async\" src=\"https:\/\/dev.gesundheits-portal.org\/muster1\/wp-content\/uploads\/elementor\/thumbs\/patient-1-rf9vkgugr3zpfv0s5u0latoucvhjeher1qt8z1n98w.png\" title=\"patient\" alt=\"patient\" class=\"img-fluid squared \" \/><\/figure><\/div><div class=\"media-body align-self-center\"><h3 class=\"feature-box-title\">Entlastung der Angeh\u00f6rigen<\/h3><\/div><!-- .media-body --><\/div><!-- .media -->\t\t<\/div>\n\t\t\t\t<\/div>\n\t\t\t\t\t<\/div>\n\t\t<\/div>\n\t\t\t\t<div class=\"elementor-column elementor-col-50 elementor-inner-column elementor-element elementor-element-3ab5748\" data-id=\"3ab5748\" data-element_type=\"column\" data-e-type=\"column\">\n\t\t\t<div class=\"elementor-widget-wrap elementor-element-populated\">\n\t\t\t\t\t\t<div class=\"elementor-element elementor-element-0b96f11 cea-view-default elementor-widget elementor-widget-ceafeaturebox\" data-id=\"0b96f11\" data-element_type=\"widget\" data-e-type=\"widget\" data-widget_type=\"ceafeaturebox.default\">\n\t\t\t\t<div class=\"elementor-widget-container feature-box-wrapper feature-box-default\">\n\t\t\t<div class=\"media\"><div class=\"media-icon-part align-self-center\"><figure class=\"cea-feature-box-img\"><img decoding=\"async\" src=\"https:\/\/dev.gesundheits-portal.org\/muster1\/wp-content\/uploads\/elementor\/thumbs\/medical-team-1-rf9vk6i8nxljw5fsu7jp1eartmwi1t9pcbmwp02l5c.png\" title=\"medical-team\" alt=\"medical-team\" class=\"img-fluid squared \" \/><\/figure><\/div><div class=\"media-body align-self-center\"><h3 class=\"feature-box-title\">Gespr\u00e4che &amp; Gesellschaft<\/h3><\/div><!-- .media-body --><\/div><!-- .media -->\t\t<\/div>\n\t\t\t\t<\/div>\n\t\t\t\t<div class=\"elementor-element elementor-element-48c2a4f cea-view-default elementor-widget elementor-widget-ceafeaturebox\" data-id=\"48c2a4f\" data-element_type=\"widget\" data-e-type=\"widget\" data-widget_type=\"ceafeaturebox.default\">\n\t\t\t\t<div class=\"elementor-widget-container feature-box-wrapper feature-box-default\">\n\t\t\t<div class=\"media\"><div class=\"media-icon-part align-self-center\"><figure class=\"cea-feature-box-img\"><img decoding=\"async\" src=\"https:\/\/dev.gesundheits-portal.org\/muster1\/wp-content\/uploads\/elementor\/thumbs\/24-hours-support-rf9vmz2yz7f8efdpix0ry6x3dv4rxfcze5fv1lxgnk.png\" title=\"24-hours-support\" alt=\"24-hours-support\" class=\"img-fluid squared \" \/><\/figure><\/div><div class=\"media-body align-self-center\"><h3 class=\"feature-box-title\">Alltagsbegleitung<\/h3><\/div><!-- .media-body --><\/div><!-- .media -->\t\t<\/div>\n\t\t\t\t<\/div>\n\t\t\t\t<div class=\"elementor-element elementor-element-53756e2 cea-view-default elementor-widget elementor-widget-ceafeaturebox\" data-id=\"53756e2\" data-element_type=\"widget\" data-e-type=\"widget\" data-widget_type=\"ceafeaturebox.default\">\n\t\t\t\t<div class=\"elementor-widget-container feature-box-wrapper feature-box-default\">\n\t\t\t<div class=\"media\"><div class=\"media-icon-part align-self-center\"><figure class=\"cea-feature-box-img\"><img decoding=\"async\" src=\"https:\/\/dev.gesundheits-portal.org\/muster1\/wp-content\/uploads\/elementor\/thumbs\/ambulance-1-rf9vkgugr3zpfv0s5u0latoucvhjeher1qt8z1n98w.png\" title=\"ambulance\" alt=\"ambulance\" class=\"img-fluid squared \" \/><\/figure><\/div><div class=\"media-body align-self-center\"><h3 class=\"feature-box-title\">Sicherheit zuhause<\/h3><\/div><!-- .media-body --><\/div><!-- .media -->\t\t<\/div>\n\t\t\t\t<\/div>\n\t\t\t\t\t<\/div>\n\t\t<\/div>\n\t\t\t\t\t<\/div>\n\t\t<\/section>\n\t\t\t\t\t<\/div>\n\t\t<\/div>\n\t\t\t\t\t<\/div>\n\t\t<\/section>\n\t\t\t\t<\/div>\n\t\t","protected":false},"excerpt":{"rendered":"<p>Seniorenbetreuung Wir sorgen t\u00e4glich f\u00fcr wertvolle Zeit &#038; ein sicheres Gef\u00fchl Wir begleiten Senioren zuhause bei allem, was den Alltag sch\u00f6ner und leichter macht. Dazu geh\u00f6ren Gespr\u00e4che, gemeinsame Aktivit\u00e4ten, Orientierung, Gesellschaft und emotionale Unterst\u00fctzung \u2013 immer respektvoll, einf\u00fchlsam und zuverl\u00e4ssig. Unsere Betreuung entlastet sowohl Senioren als auch Angeh\u00f6rige und schafft..<\/p>\n","protected":false},"author":2,"featured_media":0,"parent":0,"menu_order":0,"comment_status":"closed","ping_status":"closed","template":"","meta":{"footnotes":""},"class_list":["post-64660","page","type-page","status-publish","hentry"],"_links":{"self":[{"href":"https:\/\/dev.gesundheits-portal.org\/muster1\/wp-json\/wp\/v2\/pages\/64660","targetHints":{"allow":["GET"]}}],"collection":[{"href":"https:\/\/dev.gesundheits-portal.org\/muster1\/wp-json\/wp\/v2\/pages"}],"about":[{"href":"https:\/\/dev.gesundheits-portal.org\/muster1\/wp-json\/wp\/v2\/types\/page"}],"author":[{"embeddable":true,"href":"https:\/\/dev.gesundheits-portal.org\/muster1\/wp-json\/wp\/v2\/users\/2"}],"replies":[{"embeddable":true,"href":"https:\/\/dev.gesundheits-portal.org\/muster1\/wp-json\/wp\/v2\/comments?post=64660"}],"version-history":[{"count":7,"href":"https:\/\/dev.gesundheits-portal.org\/muster1\/wp-json\/wp\/v2\/pages\/64660\/revisions"}],"predecessor-version":[{"id":64670,"href":"https:\/\/dev.gesundheits-portal.org\/muster1\/wp-json\/wp\/v2\/pages\/64660\/revisions\/64670"}],"wp:attachment":[{"href":"https:\/\/dev.gesundheits-portal.org\/muster1\/wp-json\/wp\/v2\/media?parent=64660"}],"curies":[{"name":"wp","href":"https:\/\/api.w.org\/{rel}","templated":true}]}}