{"id":3275,"date":"2023-09-08T09:51:42","date_gmt":"2023-09-08T09:51:42","guid":{"rendered":"https:\/\/themecrafter.com\/zaver\/?page_id=3275"},"modified":"2025-11-18T08:26:29","modified_gmt":"2025-11-18T07:26:29","slug":"kontakt","status":"publish","type":"page","link":"https:\/\/dev.gesundheits-portal.org\/muster2\/kontakt\/","title":{"rendered":"Kontakt"},"content":{"rendered":"\t\t<div data-elementor-type=\"wp-page\" data-elementor-id=\"3275\" class=\"elementor elementor-3275\">\n\t\t\t\t\t\t<section class=\"elementor-section elementor-top-section elementor-element elementor-element-f23ed10 elementor-section-boxed elementor-section-height-default elementor-section-height-default tcr-bg-color-transparent\" data-id=\"f23ed10\" data-element_type=\"section\" data-e-type=\"section\">\n\t\t\t\t\t\t<div class=\"elementor-container elementor-column-gap-no\">\n\t\t\t\t\t<div class=\"elementor-column elementor-col-33 elementor-top-column elementor-element elementor-element-4a2af24 tcr-bg-color-transparent\" data-id=\"4a2af24\" data-element_type=\"column\" data-e-type=\"column\">\n\t\t\t<div class=\"elementor-widget-wrap elementor-element-populated\">\n\t\t\t\t\t\t<div class=\"elementor-element elementor-element-2a794c2 elementor-widget elementor-widget-tcr-custom-heading\" data-id=\"2a794c2\" data-element_type=\"widget\" data-e-type=\"widget\" data-widget_type=\"tcr-custom-heading.default\">\n\t\t\t\t<div class=\"elementor-widget-container\">\n\t\t\t\t\t\t\t<div class=\"tcr-custom-heading1291313972 tcr-elementor-widget tcr_custom_heading_wrapper custom-heading-style-1 heading-alignment-left\">\r\n\t\t\t<div class=\"tcr-custom-heading-wrapper\">\r\n\t\t\t<div class=\"tcr-heading-subtitle-wrapper\">\r\n\t\t\t<h3 class=\"heading-subtitle subtitle-text-uppercase\">\r\n\t\t\t\tKontakt mit uns\t\t\t<\/h3>\r\n\t\t<\/div>\r\n\t\t\t\t<div class=\"tcr-heading-title-wrapper\">\r\n\t\t\t<h3 class=\"heading-title title-text-default\">\r\n\t\t\t\tKontaktieren Sie uns und bekommen Ihre Pflegeberatung\t\t\t<\/h3>\r\n\t\t<\/div>\r\n\t\t<\/div>\r\n\t\t<\/div>\r\n\t\t\t\t\t\t<\/div>\n\t\t\t\t<\/div>\n\t\t\t\t<div class=\"elementor-element elementor-element-5b01309 elementor-widget elementor-widget-text-editor\" data-id=\"5b01309\" data-element_type=\"widget\" data-e-type=\"widget\" data-widget_type=\"text-editor.default\">\n\t\t\t\t\t\t\t\t\tAt vero eos et accusamus et iusto odio dignissimos ducimus qui blanditiis praesentium voluptatum deleniti atque corrupti.\t\t\t\t\t\t\t\t<\/div>\n\t\t\t\t<div class=\"elementor-element elementor-element-302c6b5 elementor-widget elementor-widget-tcr-button\" data-id=\"302c6b5\" data-element_type=\"widget\" data-e-type=\"widget\" data-widget_type=\"tcr-button.default\">\n\t\t\t\t<div class=\"elementor-widget-container\">\n\t\t\t\t\t\t\t<div class=\"tcr-button-1162598833 tcr-elementor-widget tcr_button_wrapper button-style-1 tcr-bg-color-primary\">\r\n\t\t\t\t<div class=\"tcr-button\">\r\n\t\t<a href=\"\/ueber-uns\" target=\"_blank\" rel=\"nofollow\" >\u00dcber uns<\/a>\t<\/div>\r\n\t\t\t<\/div>\r\n\t\t\t\t\t\t<\/div>\n\t\t\t\t<\/div>\n\t\t\t\t\t<\/div>\n\t\t<\/div>\n\t\t\t\t<div class=\"elementor-column elementor-col-33 elementor-top-column elementor-element elementor-element-fa81422 tcr-bg-color-transparent\" data-id=\"fa81422\" data-element_type=\"column\" data-e-type=\"column\">\n\t\t\t<div class=\"elementor-widget-wrap elementor-element-populated\">\n\t\t\t\t\t\t<div class=\"elementor-element elementor-element-dc8a2c2 elementor-widget elementor-widget-tcr-contact-list\" data-id=\"dc8a2c2\" data-element_type=\"widget\" data-e-type=\"widget\" data-widget_type=\"tcr-contact-list.default\">\n\t\t\t\t<div class=\"elementor-widget-container\">\n\t\t\t\t\t\t\t<div class=\"tcr-contact-list-331447709 tcr_contact_list_wrapper tcr-elementor-widget\">\r\n\t\t\t<div class=\"tcr-contact-list-head\">\r\n\t<div class=\"tcr-contact-head-content\">\r\n\t\t\t\t\t<div class=\"tcr-contact-list-title\">\r\n\t\t\t\tUnterst\u00fctzung\t\t\t<\/div>\r\n\t\t\t\t\t\t<div class=\"tcr-contact-list-content\">\r\n\t\t\t\tVon unserem Expertenteam\n\t\t\t<\/div>\r\n\t\t\t\t<\/div>\r\n\t\t\t<div class=\"tcr-contact-list-icon\">\r\n\t\t\t<i aria-hidden=\"true\" class=\"flaticon flaticon-support\"><\/i>\t\t<\/div>\r\n\t\t<\/div>\r\n<div class=\"tcr-contact-list-wrapper\">\r\n\t<ul class=\"tcr-contact-list\">\r\n\t\t\t\t\t\t\t<li class=\"list-item\">\r\n\t\t\t\t\t\t\t\t\t\t\t\t\t<div class=\"tcr-list-item-icon\"><i aria-hidden=\"true\" class=\"flaticon flaticon-phone-call\"><\/i><\/div>\r\n\t\t\t\t\t\t\t\t\t\t\t\t\t<div class=\"tcr-list-item-head-content\">\r\n\t\t\t\t\t\t\t\t\t\t\t\t\t\t\t<div class=\"tcr-list-item-title\">\r\n\t\t\t\t\t\t\t\t\tTelefon\t\t\t\t\t\t\t\t<\/div>\r\n\t\t\t\t\t\t\t\t\t\t\t\t\t\t\t\t<div class=\"tcr-list-item-content\">\r\n\t\t\t\t\t\t\t\t\t+12 (3) 456 0000\n\t\t\t\t\t\t\t\t<\/div>\r\n\t\t\t\t\t\t\t\t\t\t\t\t\t\t<\/div>\r\n\t\t\t\t\t<\/li>\r\n\t\t\t\t\t\t\t\t\t\t<li class=\"list-item\">\r\n\t\t\t\t\t\t\t\t\t\t\t\t\t<div class=\"tcr-list-item-icon\"><i aria-hidden=\"true\" class=\"flaticon flaticon-email\"><\/i><\/div>\r\n\t\t\t\t\t\t\t\t\t\t\t\t\t<div class=\"tcr-list-item-head-content\">\r\n\t\t\t\t\t\t\t\t\t\t\t\t\t\t\t<div class=\"tcr-list-item-title\">\r\n\t\t\t\t\t\t\t\t\tEmail\t\t\t\t\t\t\t\t<\/div>\r\n\t\t\t\t\t\t\t\t\t\t\t\t\t\t\t\t<div class=\"tcr-list-item-content\">\r\n\t\t\t\t\t\t\t\t\tmusterberatung@muster2.de\t\t\t\t\t\t\t\t<\/div>\r\n\t\t\t\t\t\t\t\t\t\t\t\t\t\t<\/div>\r\n\t\t\t\t\t<\/li>\r\n\t\t\t\t\t\t<\/ul>\r\n<\/div>\t\t<\/div>\r\n\t\t\t\t\t\t<\/div>\n\t\t\t\t<\/div>\n\t\t\t\t\t<\/div>\n\t\t<\/div>\n\t\t\t\t<div class=\"elementor-column elementor-col-33 elementor-top-column elementor-element elementor-element-68cbedc tcr-bg-color-transparent\" data-id=\"68cbedc\" data-element_type=\"column\" data-e-type=\"column\">\n\t\t\t<div class=\"elementor-widget-wrap elementor-element-populated\">\n\t\t\t\t\t\t<div class=\"elementor-element elementor-element-696a251 elementor-widget elementor-widget-tcr-contact-list\" data-id=\"696a251\" data-element_type=\"widget\" data-e-type=\"widget\" data-widget_type=\"tcr-contact-list.default\">\n\t\t\t\t<div class=\"elementor-widget-container\">\n\t\t\t\t\t\t\t<div class=\"tcr-contact-list-1897194664 tcr_contact_list_wrapper tcr-elementor-widget\">\r\n\t\t\t<div class=\"tcr-contact-list-head\">\r\n\t<div class=\"tcr-contact-head-content\">\r\n\t\t\t\t\t<div class=\"tcr-contact-list-title\">\r\n\t\t\t\tAdresse\t\t\t<\/div>\r\n\t\t\t\t\t\t<div class=\"tcr-contact-list-content\">\r\n\t\t\t\tBesuchen Sie unser B\u00fcro\n\n\n\t\t\t<\/div>\r\n\t\t\t\t<\/div>\r\n\t\t\t<div class=\"tcr-contact-list-icon\">\r\n\t\t\t<i aria-hidden=\"true\" class=\"flaticon flaticon-hospital\"><\/i>\t\t<\/div>\r\n\t\t<\/div>\r\n<div class=\"tcr-contact-list-wrapper\">\r\n\t<ul class=\"tcr-contact-list\">\r\n\t\t\t\t\t\t\t<li class=\"list-item\">\r\n\t\t\t\t\t\t\t\t\t\t\t\t\t<div class=\"tcr-list-item-icon\"><i aria-hidden=\"true\" class=\"flaticon flaticon-location\"><\/i><\/div>\r\n\t\t\t\t\t\t\t\t\t\t\t\t\t<div class=\"tcr-list-item-head-content\">\r\n\t\t\t\t\t\t\t\t\t\t\t\t\t\t\t<div class=\"tcr-list-item-title\">\r\n\t\t\t\t\t\t\t\t\tStandort\t\t\t\t\t\t\t\t<\/div>\r\n\t\t\t\t\t\t\t\t\t\t\t\t\t\t\t\t<div class=\"tcr-list-item-content\">\r\n\t\t\t\t\t\t\t\t\tMusterstra\u00dfe 2, 12345 Berlin\t\t\t\t\t\t\t\t<\/div>\r\n\t\t\t\t\t\t\t\t\t\t\t\t\t\t<\/div>\r\n\t\t\t\t\t<\/li>\r\n\t\t\t\t\t\t\t\t\t\t<li class=\"list-item\">\r\n\t\t\t\t\t\t\t\t\t\t\t\t\t<div class=\"tcr-list-item-icon\"><svg aria-hidden=\"true\" class=\"e-font-icon-svg e-far-clock\" viewBox=\"0 0 512 512\" xmlns=\"http:\/\/www.w3.org\/2000\/svg\"><path d=\"M256 8C119 8 8 119 8 256s111 248 248 248 248-111 248-248S393 8 256 8zm0 448c-110.5 0-200-89.5-200-200S145.5 56 256 56s200 89.5 200 200-89.5 200-200 200zm61.8-104.4l-84.9-61.7c-3.1-2.3-4.9-5.9-4.9-9.7V116c0-6.6 5.4-12 12-12h32c6.6 0 12 5.4 12 12v141.7l66.8 48.6c5.4 3.9 6.5 11.4 2.6 16.8L334.6 349c-3.9 5.3-11.4 6.5-16.8 2.6z\"><\/path><\/svg><\/div>\r\n\t\t\t\t\t\t\t\t\t\t\t\t\t<div class=\"tcr-list-item-head-content\">\r\n\t\t\t\t\t\t\t\t\t\t\t\t\t\t\t<div class=\"tcr-list-item-title\">\r\n\t\t\t\t\t\t\t\t\t\u00d6ffnungszeiten\t\t\t\t\t\t\t\t<\/div>\r\n\t\t\t\t\t\t\t\t\t\t\t\t\t\t\t\t<div class=\"tcr-list-item-content\">\r\n\t\t\t\t\t\t\t\t\tMo-Sa: 9:00 - 17:00 Uhr\n\n\t\t\t\t\t\t\t\t<\/div>\r\n\t\t\t\t\t\t\t\t\t\t\t\t\t\t<\/div>\r\n\t\t\t\t\t<\/li>\r\n\t\t\t\t\t\t<\/ul>\r\n<\/div>\t\t<\/div>\r\n\t\t\t\t\t\t<\/div>\n\t\t\t\t<\/div>\n\t\t\t\t\t<\/div>\n\t\t<\/div>\n\t\t\t\t\t<\/div>\n\t\t<\/section>\n\t\t\t\t<section class=\"elementor-section elementor-top-section elementor-element elementor-element-6b2dcb9 tcr-bg-color-secondary elementor-section-boxed elementor-section-height-default elementor-section-height-default\" data-id=\"6b2dcb9\" data-element_type=\"section\" data-e-type=\"section\">\n\t\t\t\t\t\t<div class=\"elementor-container elementor-column-gap-no\">\n\t\t\t\t\t<div class=\"elementor-column elementor-col-100 elementor-top-column elementor-element elementor-element-92baec9 tcr-bg-color-transparent\" data-id=\"92baec9\" data-element_type=\"column\" data-e-type=\"column\">\n\t\t\t<div class=\"elementor-widget-wrap elementor-element-populated\">\n\t\t\t\t\t\t<section class=\"elementor-section elementor-inner-section elementor-element elementor-element-6b82469 elementor-section-boxed elementor-section-height-default elementor-section-height-default tcr-bg-color-transparent\" data-id=\"6b82469\" data-element_type=\"section\" data-e-type=\"section\">\n\t\t\t\t\t\t<div class=\"elementor-container elementor-column-gap-no\">\n\t\t\t\t\t<div class=\"elementor-column elementor-col-50 elementor-inner-column elementor-element elementor-element-1a826a0 tcr-bg-color-transparent\" data-id=\"1a826a0\" data-element_type=\"column\" data-e-type=\"column\">\n\t\t\t<div class=\"elementor-widget-wrap elementor-element-populated\">\n\t\t\t\t\t\t<div class=\"elementor-element elementor-element-1c2db2d elementor-widget elementor-widget-tcr-custom-heading\" data-id=\"1c2db2d\" data-element_type=\"widget\" data-e-type=\"widget\" data-widget_type=\"tcr-custom-heading.default\">\n\t\t\t\t<div class=\"elementor-widget-container\">\n\t\t\t\t\t\t\t<div class=\"tcr-custom-heading1519450510 tcr-elementor-widget tcr_custom_heading_wrapper custom-heading-style-1 heading-alignment-left heading-white-text\">\r\n\t\t\t<div class=\"tcr-custom-heading-wrapper\">\r\n\t\t\t<div class=\"tcr-heading-subtitle-wrapper\">\r\n\t\t\t<h3 class=\"heading-subtitle subtitle-text-uppercase\">\r\n\t\t\t\tF\u00fcllen Sie das Formular aus\t\t\t<\/h3>\r\n\t\t<\/div>\r\n\t\t\t\t<div class=\"tcr-heading-title-wrapper\">\r\n\t\t\t<h3 class=\"heading-title title-text-default\">\r\n\t\t\t\tM\u00f6chten Sie einen Service besprechen?\t\t\t<\/h3>\r\n\t\t<\/div>\r\n\t\t<\/div>\r\n\t\t<\/div>\r\n\t\t\t\t\t\t<\/div>\n\t\t\t\t<\/div>\n\t\t\t\t<div class=\"elementor-element elementor-element-3b2d425 elementor-widget elementor-widget-text-editor\" data-id=\"3b2d425\" data-element_type=\"widget\" data-e-type=\"widget\" data-widget_type=\"text-editor.default\">\n\t\t\t\t\t\t\t\t\t<p>Bei Fragen oder Bedenken stehen wir immer zur Verf\u00fcgung.<\/p>\t\t\t\t\t\t\t\t<\/div>\n\t\t\t\t\t<\/div>\n\t\t<\/div>\n\t\t\t\t<div class=\"elementor-column elementor-col-50 elementor-inner-column elementor-element elementor-element-c6c4647 tcr-bg-color-transparent\" data-id=\"c6c4647\" data-element_type=\"column\" data-e-type=\"column\">\n\t\t\t<div class=\"elementor-widget-wrap elementor-element-populated\">\n\t\t\t\t\t\t<div class=\"elementor-element elementor-element-b3d9012 elementor-widget elementor-widget-shortcode\" data-id=\"b3d9012\" data-element_type=\"widget\" data-e-type=\"widget\" data-widget_type=\"shortcode.default\">\n\t\t\t\t\t\t\t<div class=\"elementor-shortcode\">\n<div class=\"wpcf7 no-js\" id=\"wpcf7-f5254-o1\" lang=\"en-US\" dir=\"ltr\" data-wpcf7-id=\"5254\">\n<div class=\"screen-reader-response\"><p role=\"status\" aria-live=\"polite\" aria-atomic=\"true\"><\/p> <ul><\/ul><\/div>\n<form action=\"\/muster2\/wp-json\/wp\/v2\/pages\/3275#wpcf7-f5254-o1\" method=\"post\" class=\"wpcf7-form init\" aria-label=\"Contact form\" novalidate=\"novalidate\" data-status=\"init\">\n<fieldset class=\"hidden-fields-container\"><input type=\"hidden\" name=\"_wpcf7\" value=\"5254\" \/><input type=\"hidden\" name=\"_wpcf7_version\" value=\"6.1.5\" \/><input type=\"hidden\" name=\"_wpcf7_locale\" value=\"en_US\" \/><input type=\"hidden\" name=\"_wpcf7_unit_tag\" value=\"wpcf7-f5254-o1\" \/><input type=\"hidden\" name=\"_wpcf7_container_post\" value=\"0\" \/><input type=\"hidden\" name=\"_wpcf7_posted_data_hash\" value=\"\" \/>\n<\/fieldset>\n<div class=\"appointment-form-2\">\n  \n     <div class=\"row\">\n         <div class=\"col-sm-6\"> <div class=\"input-group\"><span class=\"wpcf7-form-control-wrap\" data-name=\"your-name\"><input size=\"40\" maxlength=\"400\" class=\"wpcf7-form-control wpcf7-text\" aria-invalid=\"false\" placeholder=\"Vollst\u00e4ndiger Name\" value=\"\" type=\"text\" name=\"your-name\" \/><\/span><\/div> <\/div>\n       <div class=\"col-sm-6\"><div class=\"input-group\"><span class=\"wpcf7-form-control-wrap\" data-name=\"Email\"><input size=\"40\" maxlength=\"400\" class=\"wpcf7-form-control wpcf7-email wpcf7-text wpcf7-validates-as-email\" aria-invalid=\"false\" placeholder=\"Email\" value=\"\" type=\"email\" name=\"Email\" \/><\/span><\/div><\/div>\n        <div class=\"col-sm-6\"><div class=\"input-group\"><span class=\"wpcf7-form-control-wrap\" data-name=\"Website\"><input size=\"40\" maxlength=\"400\" class=\"wpcf7-form-control wpcf7-text\" aria-invalid=\"false\" placeholder=\"Telefonnummer\" value=\"\" type=\"text\" name=\"Website\" \/><\/span><\/div>  <\/div>\n        <div class=\"col-sm-6\"><div class=\"input-group\"><span class=\"wpcf7-form-control-wrap\" data-name=\"Website\"><input size=\"40\" maxlength=\"400\" class=\"wpcf7-form-control wpcf7-text\" aria-invalid=\"false\" placeholder=\"Leistung\" value=\"\" type=\"text\" name=\"Website\" \/><\/span><\/div>  <\/div>\n  <\/div>\n\n  <div class=\"row\">\n    <div class=\"col-sm-12\">\n      <div class=\"input-group\"><span class=\"wpcf7-form-control-wrap\" data-name=\"Subject\"><textarea cols=\"40\" rows=\"10\" maxlength=\"2000\" class=\"wpcf7-form-control wpcf7-textarea\" aria-invalid=\"false\" placeholder=\"Betreff\" name=\"Subject\"><\/textarea><\/span><\/div>\n    <\/div>\n  <\/div>\n\n<div class=\"row\">\n    <div class=\"col-xl-3 col-lg-4\">\n        <div class=\"input-button\">\n            <input type=\"einreichen\" value=\"Nachricht senden\" class=\"wpcf7-form-control wpcf7-submit\">\n        <\/div>\n    <\/div>\n<\/div>\n<\/div><div class=\"wpcf7-response-output\" aria-hidden=\"true\"><\/div>\n<\/form>\n<\/div>\n<\/div>\n\t\t\t\t\t\t<\/div>\n\t\t\t\t\t<\/div>\n\t\t<\/div>\n\t\t\t\t\t<\/div>\n\t\t<\/section>\n\t\t\t\t<section class=\"elementor-section elementor-inner-section elementor-element elementor-element-eb76f51 elementor-section-boxed elementor-section-height-default elementor-section-height-default tcr-bg-color-transparent\" data-id=\"eb76f51\" data-element_type=\"section\" data-e-type=\"section\">\n\t\t\t\t\t\t<div class=\"elementor-container elementor-column-gap-no\">\n\t\t\t\t\t<div class=\"elementor-column elementor-col-50 elementor-inner-column elementor-element elementor-element-629ab0d tcr-bg-color-transparent\" data-id=\"629ab0d\" data-element_type=\"column\" data-e-type=\"column\">\n\t\t\t<div class=\"elementor-widget-wrap elementor-element-populated\">\n\t\t\t\t\t\t<div class=\"elementor-element elementor-element-c714fe9 elementor-widget elementor-widget-image\" data-id=\"c714fe9\" data-element_type=\"widget\" data-e-type=\"widget\" data-widget_type=\"image.default\">\n\t\t\t\t\t\t\t\t\t\t\t\t\t\t\t<img fetchpriority=\"high\" decoding=\"async\" width=\"668\" height=\"504\" src=\"https:\/\/dev.gesundheits-portal.org\/muster2\/wp-content\/uploads\/2023\/09\/contact-us-img.png\" class=\"attachment-full size-full wp-image-5531\" alt=\"contact-us-img\" srcset=\"https:\/\/dev.gesundheits-portal.org\/muster2\/wp-content\/uploads\/2023\/09\/contact-us-img.png 668w, https:\/\/dev.gesundheits-portal.org\/muster2\/wp-content\/uploads\/2023\/09\/contact-us-img-300x226.png 300w\" sizes=\"(max-width: 668px) 100vw, 668px\" \/>\t\t\t\t\t\t\t\t\t\t\t\t\t\t\t<\/div>\n\t\t\t\t\t<\/div>\n\t\t<\/div>\n\t\t\t\t<div class=\"elementor-column elementor-col-50 elementor-inner-column elementor-element elementor-element-a165d15 tcr-bg-color-transparent\" data-id=\"a165d15\" data-element_type=\"column\" data-e-type=\"column\">\n\t\t\t<div class=\"elementor-widget-wrap elementor-element-populated\">\n\t\t\t\t\t\t<div class=\"elementor-element elementor-element-61480da elementor-widget elementor-widget-google_maps\" data-id=\"61480da\" data-element_type=\"widget\" data-e-type=\"widget\" data-widget_type=\"google_maps.default\">\n\t\t\t\t\t\t\t<div class=\"elementor-custom-embed\">\n\t\t\t<iframe loading=\"lazy\"\n\t\t\t\t\tsrc=\"https:\/\/maps.google.com\/maps?q=London%20Eye%2C%20London%2C%20United%20Kingdom&#038;t=m&#038;z=10&#038;output=embed&#038;iwloc=near\"\n\t\t\t\t\ttitle=\"London Eye, London, United Kingdom\"\n\t\t\t\t\taria-label=\"London Eye, London, United Kingdom\"\n\t\t\t><\/iframe>\n\t\t<\/div>\n\t\t\t\t\t\t<\/div>\n\t\t\t\t\t<\/div>\n\t\t<\/div>\n\t\t\t\t\t<\/div>\n\t\t<\/section>\n\t\t\t\t\t<\/div>\n\t\t<\/div>\n\t\t\t\t\t<\/div>\n\t\t<\/section>\n\t\t\t\t<\/div>\n\t\t","protected":false},"excerpt":{"rendered":"<p>Kontakt mit uns Kontaktieren Sie uns und bekommen Ihre Pflegeberatung At vero eos et accusamus et iusto odio dignissimos ducimus qui blanditiis praesentium voluptatum deleniti atque corrupti. \u00dcber uns Unterst\u00fctzung Von unserem Expertenteam Telefon +12 (3) 456 0000 Email musterberatung@muster2.de Adresse Besuchen Sie unser B\u00fcro Standort Musterstra\u00dfe 2, 12345 Berlin \u00d6ffnungszeiten Mo-Sa: 9:00 &#8211; 17:00 [&hellip;]<\/p>\n","protected":false},"author":1,"featured_media":0,"parent":0,"menu_order":0,"comment_status":"closed","ping_status":"closed","template":"elementor_header_footer","meta":{"footnotes":""},"class_list":["post-3275","page","type-page","status-publish","hentry","without-image"],"_links":{"self":[{"href":"https:\/\/dev.gesundheits-portal.org\/muster2\/wp-json\/wp\/v2\/pages\/3275","targetHints":{"allow":["GET"]}}],"collection":[{"href":"https:\/\/dev.gesundheits-portal.org\/muster2\/wp-json\/wp\/v2\/pages"}],"about":[{"href":"https:\/\/dev.gesundheits-portal.org\/muster2\/wp-json\/wp\/v2\/types\/page"}],"author":[{"embeddable":true,"href":"https:\/\/dev.gesundheits-portal.org\/muster2\/wp-json\/wp\/v2\/users\/1"}],"replies":[{"embeddable":true,"href":"https:\/\/dev.gesundheits-portal.org\/muster2\/wp-json\/wp\/v2\/comments?post=3275"}],"version-history":[{"count":5,"href":"https:\/\/dev.gesundheits-portal.org\/muster2\/wp-json\/wp\/v2\/pages\/3275\/revisions"}],"predecessor-version":[{"id":8268,"href":"https:\/\/dev.gesundheits-portal.org\/muster2\/wp-json\/wp\/v2\/pages\/3275\/revisions\/8268"}],"wp:attachment":[{"href":"https:\/\/dev.gesundheits-portal.org\/muster2\/wp-json\/wp\/v2\/media?parent=3275"}],"curies":[{"name":"wp","href":"https:\/\/api.w.org\/{rel}","templated":true}]}}