{"id":3927,"date":"2023-09-14T04:44:03","date_gmt":"2023-09-14T04:44:03","guid":{"rendered":"https:\/\/themecrafter.com\/zaver\/?page_id=3927"},"modified":"2025-11-28T08:29:00","modified_gmt":"2025-11-28T07:29:00","slug":"ueber-uns","status":"publish","type":"page","link":"https:\/\/dev.gesundheits-portal.org\/muster2\/ueber-uns\/","title":{"rendered":"\u00dcber uns"},"content":{"rendered":"\t\t<div data-elementor-type=\"wp-page\" data-elementor-id=\"3927\" class=\"elementor elementor-3927\">\n\t\t\t\t\t\t<section class=\"elementor-section elementor-top-section elementor-element elementor-element-6fa63c38 elementor-section-boxed elementor-section-height-default elementor-section-height-default tcr-bg-color-transparent\" data-id=\"6fa63c38\" data-element_type=\"section\" data-e-type=\"section\">\n\t\t\t\t\t\t<div class=\"elementor-container elementor-column-gap-no\">\n\t\t\t\t\t<div class=\"elementor-column elementor-col-50 elementor-top-column elementor-element elementor-element-5c324688 tcr-bg-color-transparent\" data-id=\"5c324688\" data-element_type=\"column\" data-e-type=\"column\">\n\t\t\t<div class=\"elementor-widget-wrap elementor-element-populated\">\n\t\t\t\t\t\t<div class=\"elementor-element elementor-element-7f28e6a0 elementor-widget elementor-widget-tcr-custom-heading\" data-id=\"7f28e6a0\" data-element_type=\"widget\" data-e-type=\"widget\" data-widget_type=\"tcr-custom-heading.default\">\n\t\t\t\t<div class=\"elementor-widget-container\">\n\t\t\t\t\t\t\t<div class=\"tcr-custom-heading287521278 tcr-elementor-widget tcr_custom_heading_wrapper custom-heading-style-1 heading-alignment-left\">\r\n\t\t\t<div class=\"tcr-custom-heading-wrapper\">\r\n\t\t\t<div class=\"tcr-heading-title-wrapper\">\r\n\t\t\t<h3 class=\"heading-title title-text-default\">\r\n\t\t\t\t\u00dcber Ihre Pflegeberatungs-Leistungen und Services\t\t\t<\/h3>\r\n\t\t<\/div>\r\n\t\t<\/div>\r\n\t\t<\/div>\r\n\t\t\t\t\t\t<\/div>\n\t\t\t\t<\/div>\n\t\t\t\t<div class=\"elementor-element elementor-element-59afec67 elementor-widget elementor-widget-text-editor\" data-id=\"59afec67\" data-element_type=\"widget\" data-e-type=\"widget\" data-widget_type=\"text-editor.default\">\n\t\t\t\t\t\t\t\t\t<p>Eine familiengef\u00fchrte Beratung, die seit vielen Jahren Menschen in allen Pflegesituationen unterst\u00fctzt. Mit viel Erfahrung, pers\u00f6nlicher N\u00e4he und einem klaren Fokus auf individuelle L\u00f6sungen begleiten wir Familien durch jede Phase der Pflege \u2013 zuverl\u00e4ssig, verst\u00e4ndlich und auf Augenh\u00f6he.<\/p>\t\t\t\t\t\t\t\t<\/div>\n\t\t\t\t<div class=\"elementor-element elementor-element-4949253b elementor-widget elementor-widget-tcr-button\" data-id=\"4949253b\" data-element_type=\"widget\" data-e-type=\"widget\" data-widget_type=\"tcr-button.default\">\n\t\t\t\t<div class=\"elementor-widget-container\">\n\t\t\t\t\t\t\t<div class=\"tcr-button-1386192135 tcr-elementor-widget tcr_button_wrapper button-style-1 tcr-bg-color-secondary\">\r\n\t\t\t\t<div class=\"tcr-button\">\r\n\t\t<a href=\"\/kontakt\" rel=\"nofollow\" >Schreiben Sie uns<\/a>\t<\/div>\r\n\t\t\t<\/div>\r\n\t\t\t\t\t\t<\/div>\n\t\t\t\t<\/div>\n\t\t\t\t\t<\/div>\n\t\t<\/div>\n\t\t\t\t<div class=\"elementor-column elementor-col-50 elementor-top-column elementor-element elementor-element-200eff86 tcr-bg-color-transparent\" data-id=\"200eff86\" data-element_type=\"column\" data-e-type=\"column\">\n\t\t\t<div class=\"elementor-widget-wrap elementor-element-populated\">\n\t\t\t\t\t\t<section class=\"elementor-section elementor-inner-section elementor-element elementor-element-4bcd6b88 elementor-section-boxed elementor-section-height-default elementor-section-height-default tcr-bg-color-transparent\" data-id=\"4bcd6b88\" data-element_type=\"section\" data-e-type=\"section\" data-settings=\"{&quot;background_background&quot;:&quot;classic&quot;}\">\n\t\t\t\t\t\t<div class=\"elementor-container elementor-column-gap-no\">\n\t\t\t\t\t<div class=\"elementor-column elementor-col-50 elementor-inner-column elementor-element elementor-element-2a7f1ecc tcr-bg-color-transparent\" data-id=\"2a7f1ecc\" data-element_type=\"column\" data-e-type=\"column\">\n\t\t\t<div class=\"elementor-widget-wrap elementor-element-populated\">\n\t\t\t\t\t\t<div class=\"elementor-element elementor-element-5bbe2829 elementor-widget elementor-widget-heading\" data-id=\"5bbe2829\" data-element_type=\"widget\" data-e-type=\"widget\" data-widget_type=\"heading.default\">\n\t\t\t\t\t<h2 class=\"elementor-heading-title elementor-size-default\">Unsere Vision<\/h2>\t\t\t\t<\/div>\n\t\t\t\t\t<\/div>\n\t\t<\/div>\n\t\t\t\t<div class=\"elementor-column elementor-col-50 elementor-inner-column elementor-element elementor-element-48a2e756 tcr-bg-color-transparent\" data-id=\"48a2e756\" data-element_type=\"column\" data-e-type=\"column\">\n\t\t\t<div class=\"elementor-widget-wrap elementor-element-populated\">\n\t\t\t\t\t\t<div class=\"elementor-element elementor-element-573cef33 elementor-widget elementor-widget-text-editor\" data-id=\"573cef33\" data-element_type=\"widget\" data-e-type=\"widget\" data-widget_type=\"text-editor.default\">\n\t\t\t\t\t\t\t\t\t<article class=\"text-token-text-primary w-full focus:outline-none [--shadow-height:45px] has-data-writing-block:pointer-events-none has-data-writing-block:-mt-(--shadow-height) has-data-writing-block:pt-(--shadow-height) [&amp;:has([data-writing-block])&gt;*]:pointer-events-auto [content-visibility:auto] supports-[content-visibility:auto]:[contain-intrinsic-size:auto_100lvh] scroll-mt-[calc(var(--header-height)+min(200px,max(70px,20svh)))]\" dir=\"auto\" tabindex=\"-1\" data-turn-id=\"request-WEB:d865e309-bc18-4922-92a1-d112ae0bf204-5\" data-testid=\"conversation-turn-12\" data-scroll-anchor=\"true\" data-turn=\"assistant\"><div class=\"text-base my-auto mx-auto pb-10 [--thread-content-margin:--spacing(4)] thread-sm:[--thread-content-margin:--spacing(6)] thread-lg:[--thread-content-margin:--spacing(16)] px-(--thread-content-margin)\"><div class=\"[--thread-content-max-width:40rem] thread-lg:[--thread-content-max-width:48rem] mx-auto max-w-(--thread-content-max-width) flex-1 group\/turn-messages focus-visible:outline-hidden relative flex w-full min-w-0 flex-col agent-turn\" tabindex=\"-1\"><div class=\"flex max-w-full flex-col grow\"><div class=\"min-h-8 text-message relative flex w-full flex-col items-end gap-2 text-start break-words whitespace-normal [.text-message+&amp;]:mt-1\" dir=\"auto\" data-message-author-role=\"assistant\" data-message-id=\"5f969234-a815-47de-97d6-b75d1e78d2a0\" data-message-model-slug=\"gpt-5-1\"><div class=\"flex w-full flex-col gap-1 empty:hidden first:pt-[1px]\"><div class=\"markdown prose dark:prose-invert w-full break-words dark markdown-new-styling\"><p data-start=\"0\" data-end=\"264\" data-is-last-node=\"\" data-is-only-node=\"\">Unsere Vision ist eine Pflegeberatung, die Menschen nicht nur informiert, sondern wirklich st\u00e4rkt. Wir m\u00f6chten Orientierung schaffen, \u00c4ngste nehmen und daf\u00fcr sorgen, dass jede Familie die passende Unterst\u00fctzung erh\u00e4lt \u2013 klar, verst\u00e4ndlich und jederzeit erreichbar.<\/p><\/div><\/div><\/div><\/div><\/div><\/div><\/article>\t\t\t\t\t\t\t\t<\/div>\n\t\t\t\t\t<\/div>\n\t\t<\/div>\n\t\t\t\t\t<\/div>\n\t\t<\/section>\n\t\t\t\t<section class=\"elementor-section elementor-inner-section elementor-element elementor-element-262a0231 tcr-Custom-tab1 elementor-section-boxed elementor-section-height-default elementor-section-height-default tcr-bg-color-transparent\" data-id=\"262a0231\" data-element_type=\"section\" data-e-type=\"section\" data-settings=\"{&quot;background_background&quot;:&quot;classic&quot;}\">\n\t\t\t\t\t\t<div class=\"elementor-container elementor-column-gap-no\">\n\t\t\t\t\t<div class=\"elementor-column elementor-col-50 elementor-inner-column elementor-element elementor-element-14520642 tcr-bg-color-transparent\" data-id=\"14520642\" data-element_type=\"column\" data-e-type=\"column\">\n\t\t\t<div class=\"elementor-widget-wrap elementor-element-populated\">\n\t\t\t\t\t\t<div class=\"elementor-element elementor-element-3f8fb49d elementor-widget elementor-widget-heading\" data-id=\"3f8fb49d\" data-element_type=\"widget\" data-e-type=\"widget\" data-widget_type=\"heading.default\">\n\t\t\t\t\t<h2 class=\"elementor-heading-title elementor-size-default\">Mission<\/h2>\t\t\t\t<\/div>\n\t\t\t\t\t<\/div>\n\t\t<\/div>\n\t\t\t\t<div class=\"elementor-column elementor-col-50 elementor-inner-column elementor-element elementor-element-7666b18f tcr-bg-color-transparent\" data-id=\"7666b18f\" data-element_type=\"column\" data-e-type=\"column\">\n\t\t\t<div class=\"elementor-widget-wrap elementor-element-populated\">\n\t\t\t\t\t\t<div class=\"elementor-element elementor-element-469ae448 elementor-widget elementor-widget-text-editor\" data-id=\"469ae448\" data-element_type=\"widget\" data-e-type=\"widget\" data-widget_type=\"text-editor.default\">\n\t\t\t\t\t\t\t\t\t<p>Unsere Mission ist es, Pflegebed\u00fcrftige und Angeh\u00f6rige schnell, verst\u00e4ndlich und individuell zu beraten. Wir bieten klare Informationen, praktische L\u00f6sungen und zuverl\u00e4ssige Unterst\u00fctzung, damit jede Pflegesituation gut bew\u00e4ltigt werden kann.<\/p>\t\t\t\t\t\t\t\t<\/div>\n\t\t\t\t\t<\/div>\n\t\t<\/div>\n\t\t\t\t\t<\/div>\n\t\t<\/section>\n\t\t\t\t<section class=\"elementor-section elementor-inner-section elementor-element elementor-element-2a76238b tcr-Custom-tab2 elementor-section-boxed elementor-section-height-default elementor-section-height-default tcr-bg-color-transparent\" data-id=\"2a76238b\" data-element_type=\"section\" data-e-type=\"section\" data-settings=\"{&quot;background_background&quot;:&quot;classic&quot;}\">\n\t\t\t\t\t\t<div class=\"elementor-container elementor-column-gap-no\">\n\t\t\t\t\t<div class=\"elementor-column elementor-col-50 elementor-inner-column elementor-element elementor-element-1361907a tcr-bg-color-transparent\" data-id=\"1361907a\" data-element_type=\"column\" data-e-type=\"column\">\n\t\t\t<div class=\"elementor-widget-wrap elementor-element-populated\">\n\t\t\t\t\t\t<div class=\"elementor-element elementor-element-370be52b elementor-widget elementor-widget-heading\" data-id=\"370be52b\" data-element_type=\"widget\" data-e-type=\"widget\" data-widget_type=\"heading.default\">\n\t\t\t\t\t<h2 class=\"elementor-heading-title elementor-size-default\">Story<\/h2>\t\t\t\t<\/div>\n\t\t\t\t\t<\/div>\n\t\t<\/div>\n\t\t\t\t<div class=\"elementor-column elementor-col-50 elementor-inner-column elementor-element elementor-element-66001d88 tcr-bg-color-transparent\" data-id=\"66001d88\" data-element_type=\"column\" data-e-type=\"column\">\n\t\t\t<div class=\"elementor-widget-wrap elementor-element-populated\">\n\t\t\t\t\t\t<div class=\"elementor-element elementor-element-5bc31faa elementor-widget elementor-widget-text-editor\" data-id=\"5bc31faa\" data-element_type=\"widget\" data-e-type=\"widget\" data-widget_type=\"text-editor.default\">\n\t\t\t\t\t\t\t\t\t<article class=\"text-token-text-primary w-full focus:outline-none [--shadow-height:45px] has-data-writing-block:pointer-events-none has-data-writing-block:-mt-(--shadow-height) has-data-writing-block:pt-(--shadow-height) [&amp;:has([data-writing-block])&gt;*]:pointer-events-auto [content-visibility:auto] supports-[content-visibility:auto]:[contain-intrinsic-size:auto_100lvh] scroll-mt-[calc(var(--header-height)+min(200px,max(70px,20svh)))]\" dir=\"auto\" tabindex=\"-1\" data-turn-id=\"request-WEB:d865e309-bc18-4922-92a1-d112ae0bf204-7\" data-testid=\"conversation-turn-16\" data-scroll-anchor=\"true\" data-turn=\"assistant\"><div class=\"text-base my-auto mx-auto pb-10 [--thread-content-margin:--spacing(4)] thread-sm:[--thread-content-margin:--spacing(6)] thread-lg:[--thread-content-margin:--spacing(16)] px-(--thread-content-margin)\"><div class=\"[--thread-content-max-width:40rem] thread-lg:[--thread-content-max-width:48rem] mx-auto max-w-(--thread-content-max-width) flex-1 group\/turn-messages focus-visible:outline-hidden relative flex w-full min-w-0 flex-col agent-turn\" tabindex=\"-1\"><div class=\"flex max-w-full flex-col grow\"><div class=\"min-h-8 text-message relative flex w-full flex-col items-end gap-2 text-start break-words whitespace-normal [.text-message+&amp;]:mt-1\" dir=\"auto\" data-message-author-role=\"assistant\" data-message-id=\"225ab740-dc69-4471-b6ce-9fdbea5345b1\" data-message-model-slug=\"gpt-5-1\"><div class=\"flex w-full flex-col gap-1 empty:hidden first:pt-[1px]\"><div class=\"markdown prose dark:prose-invert w-full break-words dark markdown-new-styling\"><p data-start=\"7\" data-end=\"263\" data-is-last-node=\"\" data-is-only-node=\"\">Pflegeberatung Mustermann entstand aus dem Wunsch, Familien in schwierigen Situationen nicht allein zu lassen. Aus ersten kleinen Beratungsgespr\u00e4chen wurde Schritt f\u00fcr Schritt ein zuverl\u00e4ssiger Ansprechpartner f\u00fcr alle Fragen rund um Pflege und Entlastung.<\/p><\/div><\/div><\/div><\/div><\/div><\/div><\/article>\t\t\t\t\t\t\t\t<\/div>\n\t\t\t\t\t<\/div>\n\t\t<\/div>\n\t\t\t\t\t<\/div>\n\t\t<\/section>\n\t\t\t\t\t<\/div>\n\t\t<\/div>\n\t\t\t\t\t<\/div>\n\t\t<\/section>\n\t\t\t\t<section class=\"elementor-section elementor-top-section elementor-element elementor-element-758343bf elementor-section-full_width elementor-section-stretched elementor-section-height-default elementor-section-height-default tcr-bg-color-transparent\" data-id=\"758343bf\" data-element_type=\"section\" data-e-type=\"section\" data-settings=\"{&quot;stretch_section&quot;:&quot;section-stretched&quot;}\">\n\t\t\t\t\t\t<div class=\"elementor-container elementor-column-gap-no\">\n\t\t\t\t\t<div class=\"elementor-column elementor-col-100 elementor-top-column elementor-element elementor-element-7f99e94c tcr-bg-color-transparent\" data-id=\"7f99e94c\" data-element_type=\"column\" data-e-type=\"column\" data-settings=\"{&quot;background_background&quot;:&quot;classic&quot;}\">\n\t\t\t<div class=\"elementor-widget-wrap elementor-element-populated\">\n\t\t\t\t\t\t<div class=\"elementor-element elementor-element-f7ac87c elementor-widget elementor-widget-spacer\" data-id=\"f7ac87c\" data-element_type=\"widget\" data-e-type=\"widget\" data-widget_type=\"spacer.default\">\n\t\t\t\t\t\t\t<div class=\"elementor-spacer\">\n\t\t\t<div class=\"elementor-spacer-inner\"><\/div>\n\t\t<\/div>\n\t\t\t\t\t\t<\/div>\n\t\t\t\t\t<\/div>\n\t\t<\/div>\n\t\t\t\t\t<\/div>\n\t\t<\/section>\n\t\t\t\t<section class=\"elementor-section elementor-top-section elementor-element elementor-element-67fadec6 elementor-section-boxed elementor-section-height-default elementor-section-height-default tcr-bg-color-transparent\" data-id=\"67fadec6\" data-element_type=\"section\" data-e-type=\"section\">\n\t\t\t\t\t\t<div class=\"elementor-container elementor-column-gap-no\">\n\t\t\t\t\t<div class=\"elementor-column elementor-col-100 elementor-top-column elementor-element elementor-element-40528fc3 tcr-bg-color-transparent\" data-id=\"40528fc3\" data-element_type=\"column\" data-e-type=\"column\">\n\t\t\t<div class=\"elementor-widget-wrap elementor-element-populated\">\n\t\t\t\t\t\t<section class=\"elementor-section elementor-inner-section elementor-element elementor-element-23e306c0 elementor-section-boxed elementor-section-height-default elementor-section-height-default tcr-bg-color-transparent\" data-id=\"23e306c0\" data-element_type=\"section\" data-e-type=\"section\">\n\t\t\t\t\t\t<div class=\"elementor-container elementor-column-gap-no\">\n\t\t\t\t\t<div class=\"elementor-column elementor-col-50 elementor-inner-column elementor-element elementor-element-597fd50a tcr-bg-color-transparent\" data-id=\"597fd50a\" data-element_type=\"column\" data-e-type=\"column\">\n\t\t\t<div class=\"elementor-widget-wrap elementor-element-populated\">\n\t\t\t\t\t\t<div class=\"elementor-element elementor-element-6da2230d elementor-widget elementor-widget-tcr-custom-heading\" data-id=\"6da2230d\" data-element_type=\"widget\" data-e-type=\"widget\" data-widget_type=\"tcr-custom-heading.default\">\n\t\t\t\t<div class=\"elementor-widget-container\">\n\t\t\t\t\t\t\t<div class=\"tcr-custom-heading2032834047 tcr-elementor-widget tcr_custom_heading_wrapper custom-heading-style-1 heading-alignment-left\">\r\n\t\t\t<div class=\"tcr-custom-heading-wrapper\">\r\n\t\t\t<div class=\"tcr-heading-subtitle-wrapper\">\r\n\t\t\t<h3 class=\"heading-subtitle subtitle-text-default\">\r\n\t\t\t\tWARUM WIR?\t\t\t<\/h3>\r\n\t\t<\/div>\r\n\t\t\t\t<div class=\"tcr-heading-title-wrapper\">\r\n\t\t\t<h3 class=\"heading-title title-text-default\">\r\n\t\t\t\tGemeinsam eine sichere und unterst\u00fctzende Pflegewelt gestalten\t\t\t<\/h3>\r\n\t\t<\/div>\r\n\t\t<\/div>\r\n\t\t<\/div>\r\n\t\t\t\t\t\t<\/div>\n\t\t\t\t<\/div>\n\t\t\t\t\t<\/div>\n\t\t<\/div>\n\t\t\t\t<div class=\"elementor-column elementor-col-50 elementor-inner-column elementor-element elementor-element-1c3e4623 tcr-bg-color-transparent\" data-id=\"1c3e4623\" data-element_type=\"column\" data-e-type=\"column\">\n\t\t\t<div class=\"elementor-widget-wrap elementor-element-populated\">\n\t\t\t\t\t\t<div class=\"elementor-element elementor-element-6a2d4215 elementor-widget elementor-widget-text-editor\" data-id=\"6a2d4215\" data-element_type=\"widget\" data-e-type=\"widget\" data-widget_type=\"text-editor.default\">\n\t\t\t\t\t\t\t\t\t<p>Wir setzen uns daf\u00fcr ein, dass Pflege f\u00fcr alle verst\u00e4ndlich, zug\u00e4nglich und gut organisiert ist. Durch klare Beratung, pers\u00f6nliche Begleitung und zuverl\u00e4ssige Unterst\u00fctzung helfen wir Familien dabei, ihre individuelle Pflegesituation sicher und selbstbewusst zu meistern \u2013 Schritt f\u00fcr Schritt, mit Herz und Struktur.<\/p>\t\t\t\t\t\t\t\t<\/div>\n\t\t\t\t<div class=\"elementor-element elementor-element-777609d7 elementor-widget elementor-widget-tcr-button\" data-id=\"777609d7\" data-element_type=\"widget\" data-e-type=\"widget\" data-widget_type=\"tcr-button.default\">\n\t\t\t\t<div class=\"elementor-widget-container\">\n\t\t\t\t\t\t\t<div class=\"tcr-button-172412048 tcr-elementor-widget tcr_button_wrapper button-style-2 tcr-bg-color-transparent\">\r\n\t\t\t\t<div class=\"tcr-button\">\r\n\t\t<a href=\"\/kontakt\" target=\"_blank\" rel=\"nofollow\" >Kontaktieren Sie uns<\/a>\t<\/div>\r\n\t\t\t<\/div>\r\n\t\t\t\t\t\t<\/div>\n\t\t\t\t<\/div>\n\t\t\t\t\t<\/div>\n\t\t<\/div>\n\t\t\t\t\t<\/div>\n\t\t<\/section>\n\t\t\t\t<section class=\"elementor-section elementor-inner-section elementor-element elementor-element-7863e2a5 elementor-section-boxed elementor-section-height-default elementor-section-height-default tcr-bg-color-transparent\" data-id=\"7863e2a5\" data-element_type=\"section\" data-e-type=\"section\">\n\t\t\t\t\t\t<div class=\"elementor-container elementor-column-gap-no\">\n\t\t\t\t\t<div class=\"elementor-column elementor-col-25 elementor-inner-column elementor-element elementor-element-4eded6d tcr-bg-color-transparent\" data-id=\"4eded6d\" data-element_type=\"column\" data-e-type=\"column\">\n\t\t\t<div class=\"elementor-widget-wrap elementor-element-populated\">\n\t\t\t\t\t\t<div class=\"elementor-element elementor-element-55b7f1a5 elementor-widget elementor-widget-tcr-infobox\" data-id=\"55b7f1a5\" data-element_type=\"widget\" data-e-type=\"widget\" data-widget_type=\"tcr-infobox.default\">\n\t\t\t\t<div class=\"elementor-widget-container\">\n\t\t\t\t\t\t\t<div class=\"tcr-infobox1042895434 tcr-elementor-widget tcr_infobox_wrapper infobox-style-1 icon-type-font\">\r\n\t\t\t<div class=\"tcr-infobox-wrapper\">\r\n\t<div class=\"tcr-infobox-content d-flex\">\r\n\t\t\t\t\t<div class=\"tcr-infobox-title\">H\u00e4usliche Unterst\u00fctzung<\/div>\r\n\t\t\t\t\t\t\t<div class=\"tcr-infobox-icon\"><i aria-hidden=\"true\" class=\"flaticon flaticon-protection\"><\/i><\/div>\r\n\t\t\t\t\t<\/div>\r\n\t\t\t<div class=\"tcr-infobox-text\">Individuelle Beratung zur h\u00e4uslichen Pflege, damit Sie passende Leistungen erhalten und den Pflegealltag klar und entlastend gestalten k\u00f6nnen.<\/div>\r\n\t\t\t\t<div class=\"tcr-infobox-button\">\r\n\t\t\t<a href=\"https:\/\/themecrafter.com\/zaver\/contact-us\/\" rel=\"nofollow\" > <i aria-hidden=\"true\" class=\"flaticon flaticon-right-arrow\"><\/i><\/a>\t\t<\/div>\r\n\t\t<\/div>\r\n\t\t<\/div>\r\n\t\t\t\t\t\t<\/div>\n\t\t\t\t<\/div>\n\t\t\t\t\t<\/div>\n\t\t<\/div>\n\t\t\t\t<div class=\"elementor-column elementor-col-25 elementor-inner-column elementor-element elementor-element-7a5c9202 tcr-bg-color-transparent\" data-id=\"7a5c9202\" data-element_type=\"column\" data-e-type=\"column\">\n\t\t\t<div class=\"elementor-widget-wrap elementor-element-populated\">\n\t\t\t\t\t\t<div class=\"elementor-element elementor-element-f44889e elementor-widget elementor-widget-tcr-infobox\" data-id=\"f44889e\" data-element_type=\"widget\" data-e-type=\"widget\" data-widget_type=\"tcr-infobox.default\">\n\t\t\t\t<div class=\"elementor-widget-container\">\n\t\t\t\t\t\t\t<div class=\"tcr-infobox381310342 tcr-elementor-widget tcr_infobox_wrapper infobox-style-1 icon-type-font\">\r\n\t\t\t<div class=\"tcr-infobox-wrapper\">\r\n\t<div class=\"tcr-infobox-content d-flex\">\r\n\t\t\t\t\t<div class=\"tcr-infobox-title\">Pflegegrad-Beratung<\/div>\r\n\t\t\t\t\t\t\t<div class=\"tcr-infobox-icon\"><i aria-hidden=\"true\" class=\"flaticon flaticon-wheelchair\"><\/i><\/div>\r\n\t\t\t\t\t<\/div>\r\n\t\t\t<div class=\"tcr-infobox-text\">Umfassende Unterst\u00fctzung beim Antrag oder der H\u00f6herstufung Ihres Pflegegrades, inklusive Vorbereitung, Unterlagen-Check und hilfreichen Tipps f\u00fcr eine faire Einstufung.<\/div>\r\n\t\t\t\t<div class=\"tcr-infobox-button\">\r\n\t\t\t<a href=\"https:\/\/themecrafter.com\/zaver\/contact-us\/\" target=\"_blank\" rel=\"nofollow\" > <i aria-hidden=\"true\" class=\"flaticon flaticon-right-arrow\"><\/i><\/a>\t\t<\/div>\r\n\t\t<\/div>\r\n\t\t<\/div>\r\n\t\t\t\t\t\t<\/div>\n\t\t\t\t<\/div>\n\t\t\t\t\t<\/div>\n\t\t<\/div>\n\t\t\t\t<div class=\"elementor-column elementor-col-25 elementor-inner-column elementor-element elementor-element-7970ce02 tcr-bg-color-transparent\" data-id=\"7970ce02\" data-element_type=\"column\" data-e-type=\"column\">\n\t\t\t<div class=\"elementor-widget-wrap elementor-element-populated\">\n\t\t\t\t\t\t<div class=\"elementor-element elementor-element-5e6e2a0c elementor-widget elementor-widget-tcr-infobox\" data-id=\"5e6e2a0c\" data-element_type=\"widget\" data-e-type=\"widget\" data-widget_type=\"tcr-infobox.default\">\n\t\t\t\t<div class=\"elementor-widget-container\">\n\t\t\t\t\t\t\t<div class=\"tcr-infobox257194858 tcr-elementor-widget tcr_infobox_wrapper infobox-style-1 icon-type-font\">\r\n\t\t\t<div class=\"tcr-infobox-wrapper\">\r\n\t<div class=\"tcr-infobox-content d-flex\">\r\n\t\t\t\t\t<div class=\"tcr-infobox-title\">Entlastungs- und Betreuungsleistungen<\/div>\r\n\t\t\t\t\t\t\t<div class=\"tcr-infobox-icon\"><i aria-hidden=\"true\" class=\"flaticon flaticon-nurse\"><\/i><\/div>\r\n\t\t\t\t\t<\/div>\r\n\t\t\t<div class=\"tcr-infobox-text\">Wir zeigen Ihnen, welche Entlastungs- und Betreuungsangebote Ihnen zustehen und wie Sie diese unkompliziert nutzen k\u00f6nnen.<\/div>\r\n\t\t\t\t<div class=\"tcr-infobox-button\">\r\n\t\t\t<a href=\"https:\/\/themecrafter.com\/zaver\/contact-us\/\" target=\"_blank\" rel=\"nofollow\" > <i aria-hidden=\"true\" class=\"flaticon flaticon-right-arrow\"><\/i><\/a>\t\t<\/div>\r\n\t\t<\/div>\r\n\t\t<\/div>\r\n\t\t\t\t\t\t<\/div>\n\t\t\t\t<\/div>\n\t\t\t\t\t<\/div>\n\t\t<\/div>\n\t\t\t\t<div class=\"elementor-column elementor-col-25 elementor-inner-column elementor-element elementor-element-a411fb9 tcr-bg-color-transparent\" data-id=\"a411fb9\" data-element_type=\"column\" data-e-type=\"column\">\n\t\t\t<div class=\"elementor-widget-wrap elementor-element-populated\">\n\t\t\t\t\t\t<div class=\"elementor-element elementor-element-7c824010 elementor-widget elementor-widget-tcr-infobox\" data-id=\"7c824010\" data-element_type=\"widget\" data-e-type=\"widget\" data-widget_type=\"tcr-infobox.default\">\n\t\t\t\t<div class=\"elementor-widget-container\">\n\t\t\t\t\t\t\t<div class=\"tcr-infobox155717152 tcr-elementor-widget tcr_infobox_wrapper infobox-style-1 icon-type-font\">\r\n\t\t\t<div class=\"tcr-infobox-wrapper\">\r\n\t<div class=\"tcr-infobox-content d-flex\">\r\n\t\t\t\t\t<div class=\"tcr-infobox-title\">Pflegeberatung f\u00fcr Angeh\u00f6rige<\/div>\r\n\t\t\t\t\t\t\t<div class=\"tcr-infobox-icon\"><i aria-hidden=\"true\" class=\"flaticon flaticon-protection\"><\/i><\/div>\r\n\t\t\t\t\t<\/div>\r\n\t\t\t<div class=\"tcr-infobox-text\">Wir unterst\u00fctzen Angeh\u00f6rige mit klaren Informationen, praktischen Tipps und individueller Begleitung, damit sie Pflegesituationen sicher und gut bew\u00e4ltigen k\u00f6nnen.<\/div>\r\n\t\t\t\t<div class=\"tcr-infobox-button\">\r\n\t\t\t<a href=\"https:\/\/themecrafter.com\/zaver\/contact-us\/\" target=\"_blank\" rel=\"nofollow\" > <i aria-hidden=\"true\" class=\"flaticon flaticon-right-arrow\"><\/i><\/a>\t\t<\/div>\r\n\t\t<\/div>\r\n\t\t<\/div>\r\n\t\t\t\t\t\t<\/div>\n\t\t\t\t<\/div>\n\t\t\t\t\t<\/div>\n\t\t<\/div>\n\t\t\t\t\t<\/div>\n\t\t<\/section>\n\t\t\t\t\t<\/div>\n\t\t<\/div>\n\t\t\t\t\t<\/div>\n\t\t<\/section>\n\t\t\t\t<\/div>\n\t\t","protected":false},"excerpt":{"rendered":"<p>\u00dcber Ihre Pflegeberatungs-Leistungen und Services Eine familiengef\u00fchrte Beratung, die seit vielen Jahren Menschen in allen Pflegesituationen unterst\u00fctzt. Mit viel Erfahrung, pers\u00f6nlicher N\u00e4he und einem klaren Fokus auf individuelle L\u00f6sungen begleiten wir Familien durch jede Phase der Pflege \u2013 zuverl\u00e4ssig, verst\u00e4ndlich und auf Augenh\u00f6he. Schreiben Sie uns Unsere Vision Unsere Vision ist eine Pflegeberatung, die Menschen [&hellip;]<\/p>\n","protected":false},"author":1,"featured_media":0,"parent":0,"menu_order":0,"comment_status":"closed","ping_status":"closed","template":"elementor_header_footer","meta":{"footnotes":""},"class_list":["post-3927","page","type-page","status-publish","hentry","without-image"],"_links":{"self":[{"href":"https:\/\/dev.gesundheits-portal.org\/muster2\/wp-json\/wp\/v2\/pages\/3927","targetHints":{"allow":["GET"]}}],"collection":[{"href":"https:\/\/dev.gesundheits-portal.org\/muster2\/wp-json\/wp\/v2\/pages"}],"about":[{"href":"https:\/\/dev.gesundheits-portal.org\/muster2\/wp-json\/wp\/v2\/types\/page"}],"author":[{"embeddable":true,"href":"https:\/\/dev.gesundheits-portal.org\/muster2\/wp-json\/wp\/v2\/users\/1"}],"replies":[{"embeddable":true,"href":"https:\/\/dev.gesundheits-portal.org\/muster2\/wp-json\/wp\/v2\/comments?post=3927"}],"version-history":[{"count":10,"href":"https:\/\/dev.gesundheits-portal.org\/muster2\/wp-json\/wp\/v2\/pages\/3927\/revisions"}],"predecessor-version":[{"id":8308,"href":"https:\/\/dev.gesundheits-portal.org\/muster2\/wp-json\/wp\/v2\/pages\/3927\/revisions\/8308"}],"wp:attachment":[{"href":"https:\/\/dev.gesundheits-portal.org\/muster2\/wp-json\/wp\/v2\/media?parent=3927"}],"curies":[{"name":"wp","href":"https:\/\/api.w.org\/{rel}","templated":true}]}}