{"id":8101,"date":"2024-02-17T06:14:04","date_gmt":"2024-02-17T06:14:04","guid":{"rendered":"https:\/\/themecrafter.com\/zaver\/sampledata\/?page_id=8101"},"modified":"2025-11-18T08:57:00","modified_gmt":"2025-11-18T07:57:00","slug":"pflegegradrechner","status":"publish","type":"page","link":"https:\/\/dev.gesundheits-portal.org\/muster2\/pflegegradrechner\/","title":{"rendered":"Pflegegradrechner"},"content":{"rendered":"\t\t<div data-elementor-type=\"wp-page\" data-elementor-id=\"8101\" class=\"elementor elementor-8101\">\n\t\t\t\t\t\t<section class=\"elementor-section elementor-top-section elementor-element elementor-element-3dec3597 elementor-section-boxed elementor-section-height-default elementor-section-height-default tcr-bg-color-transparent\" data-id=\"3dec3597\" data-element_type=\"section\" data-e-type=\"section\">\n\t\t\t\t\t\t<div class=\"elementor-container elementor-column-gap-no\">\n\t\t\t\t\t<div class=\"elementor-column elementor-col-100 elementor-top-column elementor-element elementor-element-29a1fb37 tcr-bg-color-transparent\" data-id=\"29a1fb37\" data-element_type=\"column\" data-e-type=\"column\">\n\t\t\t<div class=\"elementor-widget-wrap elementor-element-populated\">\n\t\t\t\t\t\t<section class=\"elementor-section elementor-inner-section elementor-element elementor-element-10351784 elementor-section-boxed elementor-section-height-default elementor-section-height-default tcr-bg-color-transparent\" data-id=\"10351784\" data-element_type=\"section\" data-e-type=\"section\">\n\t\t\t\t\t\t<div class=\"elementor-container elementor-column-gap-no\">\n\t\t\t\t\t<div class=\"elementor-column elementor-col-50 elementor-inner-column elementor-element elementor-element-77e2892e tcr-bg-color-transparent\" data-id=\"77e2892e\" data-element_type=\"column\" data-e-type=\"column\">\n\t\t\t<div class=\"elementor-widget-wrap elementor-element-populated\">\n\t\t\t\t\t\t<div class=\"elementor-element elementor-element-261b82d0 elementor-widget elementor-widget-tcr-custom-heading\" data-id=\"261b82d0\" data-element_type=\"widget\" data-e-type=\"widget\" data-widget_type=\"tcr-custom-heading.default\">\n\t\t\t\t<div class=\"elementor-widget-container\">\n\t\t\t\t\t\t\t<div class=\"tcr-custom-heading1873658248 tcr-elementor-widget tcr_custom_heading_wrapper custom-heading-style-1 heading-alignment-left\">\r\n\t\t\t<div class=\"tcr-custom-heading-wrapper\">\r\n\t\t\t<div class=\"tcr-heading-subtitle-wrapper\">\r\n\t\t\t<h3 class=\"heading-subtitle subtitle-text-default\">\r\n\t\t\t\tPflegegradrechner\t\t\t<\/h3>\r\n\t\t<\/div>\r\n\t\t\t\t<div class=\"tcr-heading-title-wrapper\">\r\n\t\t\t<h3 class=\"heading-title title-text-default\">\r\n\t\t\t\tPflegegradrechner \u2013 Jetzt Pflegegrad online ermitteln\t\t\t<\/h3>\r\n\t\t<\/div>\r\n\t\t<\/div>\r\n\t\t<\/div>\r\n\t\t\t\t\t\t<\/div>\n\t\t\t\t<\/div>\n\t\t\t\t\t<\/div>\n\t\t<\/div>\n\t\t\t\t<div class=\"elementor-column elementor-col-50 elementor-inner-column elementor-element elementor-element-746c45ea tcr-bg-color-transparent\" data-id=\"746c45ea\" data-element_type=\"column\" data-e-type=\"column\">\n\t\t\t<div class=\"elementor-widget-wrap elementor-element-populated\">\n\t\t\t\t\t\t<div class=\"elementor-element elementor-element-10472cda elementor-widget elementor-widget-text-editor\" data-id=\"10472cda\" data-element_type=\"widget\" data-e-type=\"widget\" data-widget_type=\"text-editor.default\">\n\t\t\t\t\t\t\t\t\t<p>Wer einen Angeh\u00f6rigen pflegt oder selbst Unterst\u00fctzung ben\u00f6tigt, fragt sich h\u00e4ufig: Welcher Pflegegrad kommt f\u00fcr meine Situation infrage? Mit dem kostenlosen Pflegegradrechner der Pflegeberatung Mustermann erhalten Sie in wenigen Minuten eine erste, realistische Orientierung.<\/p>\t\t\t\t\t\t\t\t<\/div>\n\t\t\t\t<div class=\"elementor-element elementor-element-2e4a2f05 elementor-widget elementor-widget-tcr-button\" data-id=\"2e4a2f05\" data-element_type=\"widget\" data-e-type=\"widget\" data-widget_type=\"tcr-button.default\">\n\t\t\t\t<div class=\"elementor-widget-container\">\n\t\t\t\t\t\t\t<div class=\"tcr-button-914268147 tcr-elementor-widget tcr_button_wrapper button-style-2 tcr-bg-color-transparent\">\r\n\t\t\t\t<div class=\"tcr-button\">\r\n\t\t<a href=\"\/kontakt\" rel=\"nofollow\" >Schreiben Sie uns<\/a>\t<\/div>\r\n\t\t\t<\/div>\r\n\t\t\t\t\t\t<\/div>\n\t\t\t\t<\/div>\n\t\t\t\t\t<\/div>\n\t\t<\/div>\n\t\t\t\t\t<\/div>\n\t\t<\/section>\n\t\t\t\t\t<\/div>\n\t\t<\/div>\n\t\t\t\t\t<\/div>\n\t\t<\/section>\n\t\t\t\t<section class=\"elementor-section elementor-top-section elementor-element elementor-element-33db6539 elementor-section-boxed elementor-section-height-default elementor-section-height-default tcr-bg-color-transparent\" data-id=\"33db6539\" data-element_type=\"section\" data-e-type=\"section\">\n\t\t\t\t\t\t<div class=\"elementor-container elementor-column-gap-default\">\n\t\t\t\t\t<div class=\"elementor-column elementor-col-50 elementor-top-column elementor-element elementor-element-34610d3c tcr-bg-color-transparent\" data-id=\"34610d3c\" data-element_type=\"column\" data-e-type=\"column\" data-settings=\"{&quot;background_background&quot;:&quot;classic&quot;}\">\n\t\t\t<div class=\"elementor-widget-wrap elementor-element-populated\">\n\t\t\t\t\t\t<div class=\"elementor-element elementor-element-30ef848d elementor-widget__width-initial elementor-absolute elementor-widget elementor-widget-tcr-counter\" data-id=\"30ef848d\" data-element_type=\"widget\" data-e-type=\"widget\" data-settings=\"{&quot;_position&quot;:&quot;absolute&quot;}\" data-widget_type=\"tcr-counter.default\">\n\t\t\t\t<div class=\"elementor-widget-container\">\n\t\t\t\t\t\t\t<div class=\"tcr-counter-495555775 tcr-elementor-widget tcr_counter_wrapper counter-style-1\">\r\n\t\t\t\t<div class=\"tcr-counter-wrapper\">\r\n\t\t<div class=\"tcr-counter-number\">100<\/div>\r\n\t\t\t\t\t<div class=\"tcr-counter-title\">Pflegegrads berrechnet<\/div>\r\n\t\t\t\t<\/div>\r\n\t\t\t<\/div>\r\n\t\t\t\t\t\t<\/div>\n\t\t\t\t<\/div>\n\t\t\t\t\t<\/div>\n\t\t<\/div>\n\t\t\t\t<div class=\"elementor-column elementor-col-50 elementor-top-column elementor-element elementor-element-67e666d1 tcr-bg-color-transparent\" data-id=\"67e666d1\" data-element_type=\"column\" data-e-type=\"column\">\n\t\t\t<div class=\"elementor-widget-wrap elementor-element-populated\">\n\t\t\t\t\t\t<div class=\"elementor-element elementor-element-1753d5bd elementor-widget elementor-widget-tcr-custom-heading\" data-id=\"1753d5bd\" data-element_type=\"widget\" data-e-type=\"widget\" data-widget_type=\"tcr-custom-heading.default\">\n\t\t\t\t<div class=\"elementor-widget-container\">\n\t\t\t\t\t\t\t<div class=\"tcr-custom-heading761851956 tcr-elementor-widget tcr_custom_heading_wrapper custom-heading-style-1 heading-alignment-left\">\r\n\t\t\t<div class=\"tcr-custom-heading-wrapper\">\r\n\t\t\t<div class=\"tcr-heading-subtitle-wrapper\">\r\n\t\t\t<h3 class=\"heading-subtitle subtitle-text-default\">\r\n\t\t\t\tOUR SERVICE\t\t\t<\/h3>\r\n\t\t<\/div>\r\n\t\t\t\t<div class=\"tcr-heading-title-wrapper\">\r\n\t\t\t<h3 class=\"heading-title title-text-default\">\r\n\t\t\t\tWas bringt mir der Pflegegradrechner?\t\t\t<\/h3>\r\n\t\t<\/div>\r\n\t\t<\/div>\r\n\t\t<\/div>\r\n\t\t\t\t\t\t<\/div>\n\t\t\t\t<\/div>\n\t\t\t\t<div class=\"elementor-element elementor-element-1dadcfcb elementor-widget elementor-widget-text-editor\" data-id=\"1dadcfcb\" data-element_type=\"widget\" data-e-type=\"widget\" data-widget_type=\"text-editor.default\">\n\t\t\t\t\t\t\t\t\t<p>Mit dem Pflegegradrechner der Pflegestation Graubert erhalten Sie in wenigen Minuten eine unverbindliche Einsch\u00e4tzung Ihres voraussichtlichen Pflegegrads \u2013 ganz einfach online. Basierend auf den offiziellen Kriterien des Medizinischen Dienstes (MD) werden verschiedene Lebensbereiche abgefragt, wie z.\u2009B.:<\/p><ul><li>Mobilit\u00e4t und Selbstversorgung<\/li><li>Kognitive und kommunikative F\u00e4higkeiten<\/li><li>Verhalten und psychische Problemlagen<\/li><li>Gestaltung des Alltagslebens<\/li><\/ul>\t\t\t\t\t\t\t\t<\/div>\n\t\t\t\t<div class=\"elementor-element elementor-element-3080afee elementor-widget elementor-widget-tcr-button\" data-id=\"3080afee\" data-element_type=\"widget\" data-e-type=\"widget\" data-widget_type=\"tcr-button.default\">\n\t\t\t\t<div class=\"elementor-widget-container\">\n\t\t\t\t\t\t\t<div class=\"tcr-button-450364439 tcr-elementor-widget tcr_button_wrapper button-style-1 tcr-bg-color-secondary\">\r\n\t\t\t\t<div class=\"tcr-button\">\r\n\t\t<a href=\"\/kontakt\" rel=\"nofollow\" >Kontakt<\/a>\t<\/div>\r\n\t\t\t<\/div>\r\n\t\t\t\t\t\t<\/div>\n\t\t\t\t<\/div>\n\t\t\t\t\t<\/div>\n\t\t<\/div>\n\t\t\t\t\t<\/div>\n\t\t<\/section>\n\t\t\t\t<section class=\"elementor-section elementor-top-section elementor-element elementor-element-6754cd6c tcr-bg-color-white elementor-section-boxed elementor-section-height-default elementor-section-height-default\" data-id=\"6754cd6c\" data-element_type=\"section\" data-e-type=\"section\">\n\t\t\t\t\t\t<div class=\"elementor-container elementor-column-gap-no\">\n\t\t\t\t\t<div class=\"elementor-column elementor-col-100 elementor-top-column elementor-element elementor-element-5c15e91c tcr-bg-color-transparent\" data-id=\"5c15e91c\" data-element_type=\"column\" data-e-type=\"column\">\n\t\t\t<div class=\"elementor-widget-wrap elementor-element-populated\">\n\t\t\t\t\t\t<div class=\"elementor-element elementor-element-72ea1baf elementor-widget elementor-widget-tcr-custom-heading\" data-id=\"72ea1baf\" data-element_type=\"widget\" data-e-type=\"widget\" data-widget_type=\"tcr-custom-heading.default\">\n\t\t\t\t<div class=\"elementor-widget-container\">\n\t\t\t\t\t\t\t<div class=\"tcr-custom-heading1188259081 tcr-elementor-widget tcr_custom_heading_wrapper custom-heading-style-1 heading-alignment-left\">\r\n\t\t\t<div class=\"tcr-custom-heading-wrapper\">\r\n\t\t\t<div class=\"tcr-heading-subtitle-wrapper\">\r\n\t\t\t<h3 class=\"heading-subtitle subtitle-text-default\">\r\n\t\t\t\tPflegegradrechner\t\t\t<\/h3>\r\n\t\t<\/div>\r\n\t\t\t\t<div class=\"tcr-heading-title-wrapper\">\r\n\t\t\t<h3 class=\"heading-title title-text-default\">\r\n\t\t\t\tPflegegrad selbst berechnen \u2013 einfach &amp; unverbindlich\t\t\t<\/h3>\r\n\t\t<\/div>\r\n\t\t<\/div>\r\n\t\t<\/div>\r\n\t\t\t\t\t\t<\/div>\n\t\t\t\t<\/div>\n\t\t\t\t<div class=\"elementor-element elementor-element-56d755e elementor-widget elementor-widget-text-editor\" data-id=\"56d755e\" data-element_type=\"widget\" data-e-type=\"widget\" data-widget_type=\"text-editor.default\">\n\t\t\t\t\t\t\t\t\t<p data-start=\"335\" data-end=\"486\">Mit unserem digitalen Pflegegrad-Rechner k\u00f6nnen Sie schnell und unkompliziert Ihren voraussichtlichen Pflegegrad berechnen \u2013 ganz ohne Registrierung.<\/p><p data-start=\"488\" data-end=\"749\">Im Anschluss haben Sie die M\u00f6glichkeit, sich das Ergebnis bequem per E-Mail zusenden zu lassen. Auf Wunsch nehmen wir anschlie\u00dfend Kontakt mit Ihnen auf, um gemeinsam die besten Leistungen und Unterst\u00fctzungsangebote f\u00fcr Ihre individuelle Situation zu ermitteln.<\/p><p data-start=\"751\" data-end=\"866\">\ud83d\udfe2\u00a0<strong data-start=\"754\" data-end=\"769\">Unser Ziel:<\/strong>\u00a0Das bestm\u00f6gliche Ergebnis f\u00fcr Sie oder Ihre Angeh\u00f6rigen \u2013 rechtssicher und pers\u00f6nlich begleitet.<\/p>\t\t\t\t\t\t\t\t<\/div>\n\t\t\t\t<div class=\"elementor-element elementor-element-11fdfd4 elementor-widget elementor-widget-html\" data-id=\"11fdfd4\" data-element_type=\"widget\" data-e-type=\"widget\" data-widget_type=\"html.default\">\n\t\t\t\t\t<script src=\"https:\/\/widget.anduril.care\/loader.php\" data-api-key=\"7eafe37f47c0d00719fa8225c10cf53e\" data-target-div=\"pflegegrad-rechner-anduril\" async defer><\/script><div id=\"pflegegrad-rechner-anduril\"><\/div>\t\t\t\t<\/div>\n\t\t\t\t\t<\/div>\n\t\t<\/div>\n\t\t\t\t\t<\/div>\n\t\t<\/section>\n\t\t\t\t<\/div>\n\t\t","protected":false},"excerpt":{"rendered":"<p>Pflegegradrechner Pflegegradrechner \u2013 Jetzt Pflegegrad online ermitteln Wer einen Angeh\u00f6rigen pflegt oder selbst Unterst\u00fctzung ben\u00f6tigt, fragt sich h\u00e4ufig: Welcher Pflegegrad kommt f\u00fcr meine Situation infrage? Mit dem kostenlosen Pflegegradrechner der Pflegeberatung Mustermann erhalten Sie in wenigen Minuten eine erste, realistische Orientierung. Schreiben Sie uns 100 Pflegegrads berrechnet OUR SERVICE Was bringt mir der Pflegegradrechner? Mit [&hellip;]<\/p>\n","protected":false},"author":1,"featured_media":0,"parent":0,"menu_order":0,"comment_status":"closed","ping_status":"closed","template":"elementor_header_footer","meta":{"footnotes":""},"class_list":["post-8101","page","type-page","status-publish","hentry","without-image"],"_links":{"self":[{"href":"https:\/\/dev.gesundheits-portal.org\/muster2\/wp-json\/wp\/v2\/pages\/8101","targetHints":{"allow":["GET"]}}],"collection":[{"href":"https:\/\/dev.gesundheits-portal.org\/muster2\/wp-json\/wp\/v2\/pages"}],"about":[{"href":"https:\/\/dev.gesundheits-portal.org\/muster2\/wp-json\/wp\/v2\/types\/page"}],"author":[{"embeddable":true,"href":"https:\/\/dev.gesundheits-portal.org\/muster2\/wp-json\/wp\/v2\/users\/1"}],"replies":[{"embeddable":true,"href":"https:\/\/dev.gesundheits-portal.org\/muster2\/wp-json\/wp\/v2\/comments?post=8101"}],"version-history":[{"count":10,"href":"https:\/\/dev.gesundheits-portal.org\/muster2\/wp-json\/wp\/v2\/pages\/8101\/revisions"}],"predecessor-version":[{"id":8290,"href":"https:\/\/dev.gesundheits-portal.org\/muster2\/wp-json\/wp\/v2\/pages\/8101\/revisions\/8290"}],"wp:attachment":[{"href":"https:\/\/dev.gesundheits-portal.org\/muster2\/wp-json\/wp\/v2\/media?parent=8101"}],"curies":[{"name":"wp","href":"https:\/\/api.w.org\/{rel}","templated":true}]}}