{"id":4510,"date":"2022-09-06T11:39:43","date_gmt":"2022-09-06T11:39:43","guid":{"rendered":"https:\/\/kodesolution.com\/2022\/fesho\/?page_id=4510"},"modified":"2025-11-20T15:33:13","modified_gmt":"2025-11-20T14:33:13","slug":"haeufige-fragen","status":"publish","type":"page","link":"https:\/\/dev.gesundheits-portal.org\/muster3\/haeufige-fragen\/","title":{"rendered":"H\u00e4ufige Fragen"},"content":{"rendered":"\t\t<div data-elementor-type=\"wp-page\" data-elementor-id=\"4510\" class=\"elementor elementor-4510\">\n\t\t\t\t<div class=\"elementor-element elementor-element-2859cde e-flex e-con-boxed tm-col-stretched-none tm-bg-color-over-image e-con e-parent\" data-id=\"2859cde\" data-element_type=\"container\" data-e-type=\"container\">\n\t\t\t\t\t<div class=\"e-con-inner\">\n\t\t<div class=\"elementor-element elementor-element-b98414c e-con-full e-flex tm-col-stretched-none tm-bg-color-over-image e-con e-child\" data-id=\"b98414c\" data-element_type=\"container\" data-e-type=\"container\">\n\t\t<div class=\"elementor-element elementor-element-3d660f5 e-con-full e-flex tm-col-stretched-none tm-bg-color-over-image e-con e-child\" data-id=\"3d660f5\" data-element_type=\"container\" data-e-type=\"container\">\n\t\t<div class=\"elementor-element elementor-element-24f3134 e-con-full e-flex tm-col-stretched-none tm-bg-color-over-image e-con e-child\" data-id=\"24f3134\" data-element_type=\"container\" data-e-type=\"container\">\n\t\t\t\t<div class=\"elementor-element elementor-element-11d1901 elementor-widget elementor-widget-tm-ele-accordion\" data-id=\"11d1901\" data-element_type=\"widget\" data-e-type=\"widget\" data-widget_type=\"tm-ele-accordion.default\">\n\t\t\t\t<div class=\"elementor-widget-container\">\n\t\t\t\t\t\t\t<div id=\"accordion-holder-967686\" class=\"tm-accordion accordion\">\r\n\t\r\n  <div class=\"card active\">\r\n    <div class=\"card-header p-0\" id=\"heading461\">\r\n      <h5 class=\"title \" data-bs-toggle=\"collapse\" data-bs-target=\"#collapse461\" aria-expanded=\"true\" aria-controls=\"collapse461\">\r\n        <span class=\"text\">1. Was machen Alltagshelfer genau?<\/span>\r\n        <span class=\"accordion-controls-icon\"><svg class=\"e-font-icon-svg e-fas-chevron-down\" viewBox=\"0 0 448 512\" xmlns=\"http:\/\/www.w3.org\/2000\/svg\"><path d=\"M207.029 381.476L12.686 187.132c-9.373-9.373-9.373-24.569 0-33.941l22.667-22.667c9.357-9.357 24.522-9.375 33.901-.04L224 284.505l154.745-154.021c9.379-9.335 24.544-9.317 33.901.04l22.667 22.667c9.373 9.373 9.373 24.569 0 33.941L240.971 381.476c-9.373 9.372-24.569 9.372-33.942 0z\"><\/path><\/svg><\/span>\r\n      <\/h5>\r\n    <\/div>\r\n    <div id=\"collapse461\" class=\"collapse show\" aria-labelledby=\"heading461\" data-bs-parent=\"#accordion-holder-967686\">\r\n      <div class=\"card-body\">\r\n        <p>Alltagshelfer unterst\u00fctzen bei Haushalt, Eink\u00e4ufen, Begleitungen, Gespr\u00e4chen und allt\u00e4glichen Aufgaben, damit der Alltag leichter wird.<\/p>      <\/div>\r\n    <\/div>\r\n  <\/div>\r\n\r\n  <div class=\"card \">\r\n    <div class=\"card-header p-0\" id=\"heading462\">\r\n      <h5 class=\"title collapsed\" data-bs-toggle=\"collapse\" data-bs-target=\"#collapse462\" aria-expanded=\"false\" aria-controls=\"collapse462\">\r\n        <span class=\"text\">2. Wer kann Alltagshelfer in Anspruch nehmen?<\/span>\r\n        <span class=\"accordion-controls-icon\"><svg class=\"e-font-icon-svg e-fas-chevron-down\" viewBox=\"0 0 448 512\" xmlns=\"http:\/\/www.w3.org\/2000\/svg\"><path d=\"M207.029 381.476L12.686 187.132c-9.373-9.373-9.373-24.569 0-33.941l22.667-22.667c9.357-9.357 24.522-9.375 33.901-.04L224 284.505l154.745-154.021c9.379-9.335 24.544-9.317 33.901.04l22.667 22.667c9.373 9.373 9.373 24.569 0 33.941L240.971 381.476c-9.373 9.372-24.569 9.372-33.942 0z\"><\/path><\/svg><\/span>\r\n      <\/h5>\r\n    <\/div>\r\n    <div id=\"collapse462\" class=\"collapse \" aria-labelledby=\"heading462\" data-bs-parent=\"#accordion-holder-967686\">\r\n      <div class=\"card-body\">\r\n        <p data-start=\"230\" data-end=\"390\">Senioren, Menschen mit Einschr\u00e4nkungen, Pflegebed\u00fcrftige und Angeh\u00f6rige, die Entlastung im Alltag ben\u00f6tigen.<\/p>      <\/div>\r\n    <\/div>\r\n  <\/div>\r\n\r\n  <div class=\"card \">\r\n    <div class=\"card-header p-0\" id=\"heading463\">\r\n      <h5 class=\"title collapsed\" data-bs-toggle=\"collapse\" data-bs-target=\"#collapse463\" aria-expanded=\"false\" aria-controls=\"collapse463\">\r\n        <span class=\"text\">3. \u00dcbernimmt die Pflegekasse die Kosten?<\/span>\r\n        <span class=\"accordion-controls-icon\"><svg class=\"e-font-icon-svg e-fas-chevron-down\" viewBox=\"0 0 448 512\" xmlns=\"http:\/\/www.w3.org\/2000\/svg\"><path d=\"M207.029 381.476L12.686 187.132c-9.373-9.373-9.373-24.569 0-33.941l22.667-22.667c9.357-9.357 24.522-9.375 33.901-.04L224 284.505l154.745-154.021c9.379-9.335 24.544-9.317 33.901.04l22.667 22.667c9.373 9.373 9.373 24.569 0 33.941L240.971 381.476c-9.373 9.372-24.569 9.372-33.942 0z\"><\/path><\/svg><\/span>\r\n      <\/h5>\r\n    <\/div>\r\n    <div id=\"collapse463\" class=\"collapse \" aria-labelledby=\"heading463\" data-bs-parent=\"#accordion-holder-967686\">\r\n      <div class=\"card-body\">\r\n        <p data-start=\"392\" data-end=\"554\">Ja, viele Leistungen k\u00f6nnen \u00fcber den Entlastungsbetrag nach \u00a745b SGB XI finanziert werden \u2013 bis zu 125 \u20ac pro Monat.<\/p>      <\/div>\r\n    <\/div>\r\n  <\/div>\r\n\r\n  <div class=\"card \">\r\n    <div class=\"card-header p-0\" id=\"heading464\">\r\n      <h5 class=\"title collapsed\" data-bs-toggle=\"collapse\" data-bs-target=\"#collapse464\" aria-expanded=\"false\" aria-controls=\"collapse464\">\r\n        <span class=\"text\">4. Kostet es etwas, wenn ich den Entlastungsbetrag nutze?<\/span>\r\n        <span class=\"accordion-controls-icon\"><svg class=\"e-font-icon-svg e-fas-chevron-down\" viewBox=\"0 0 448 512\" xmlns=\"http:\/\/www.w3.org\/2000\/svg\"><path d=\"M207.029 381.476L12.686 187.132c-9.373-9.373-9.373-24.569 0-33.941l22.667-22.667c9.357-9.357 24.522-9.375 33.901-.04L224 284.505l154.745-154.021c9.379-9.335 24.544-9.317 33.901.04l22.667 22.667c9.373 9.373 9.373 24.569 0 33.941L240.971 381.476c-9.373 9.372-24.569 9.372-33.942 0z\"><\/path><\/svg><\/span>\r\n      <\/h5>\r\n    <\/div>\r\n    <div id=\"collapse464\" class=\"collapse \" aria-labelledby=\"heading464\" data-bs-parent=\"#accordion-holder-967686\">\r\n      <div class=\"card-body\">\r\n        <p data-start=\"556\" data-end=\"718\">Nein, wenn ausreichend Entlastungsbetrag vorhanden ist, entstehen Ihnen keine zus\u00e4tzlichen Kosten.<\/p>      <\/div>\r\n    <\/div>\r\n  <\/div>\r\n\r\n  <div class=\"card \">\r\n    <div class=\"card-header p-0\" id=\"heading465\">\r\n      <h5 class=\"title collapsed\" data-bs-toggle=\"collapse\" data-bs-target=\"#collapse465\" aria-expanded=\"false\" aria-controls=\"collapse465\">\r\n        <span class=\"text\">5. Muss ich einen Pflegegrad haben?<\/span>\r\n        <span class=\"accordion-controls-icon\"><svg class=\"e-font-icon-svg e-fas-chevron-down\" viewBox=\"0 0 448 512\" xmlns=\"http:\/\/www.w3.org\/2000\/svg\"><path d=\"M207.029 381.476L12.686 187.132c-9.373-9.373-9.373-24.569 0-33.941l22.667-22.667c9.357-9.357 24.522-9.375 33.901-.04L224 284.505l154.745-154.021c9.379-9.335 24.544-9.317 33.901.04l22.667 22.667c9.373 9.373 9.373 24.569 0 33.941L240.971 381.476c-9.373 9.372-24.569 9.372-33.942 0z\"><\/path><\/svg><\/span>\r\n      <\/h5>\r\n    <\/div>\r\n    <div id=\"collapse465\" class=\"collapse \" aria-labelledby=\"heading465\" data-bs-parent=\"#accordion-holder-967686\">\r\n      <div class=\"card-body\">\r\n        <p data-start=\"720\" data-end=\"850\">Ja, f\u00fcr die Abrechnung \u00fcber den Entlastungsbetrag ben\u00f6tigen Sie mindestens Pflegegrad 1.<\/p>      <\/div>\r\n    <\/div>\r\n  <\/div>\r\n\t\t<\/div>\r\n\t\t\t\t\t<\/div>\n\t\t\t\t<\/div>\n\t\t\t\t<\/div>\n\t\t<div class=\"elementor-element elementor-element-1bb3188 e-con-full e-flex tm-col-stretched-none tm-bg-color-over-image e-con e-child\" data-id=\"1bb3188\" data-element_type=\"container\" data-e-type=\"container\">\n\t\t\t\t<div class=\"elementor-element elementor-element-6ca6fa9 elementor-widget elementor-widget-tm-ele-accordion\" data-id=\"6ca6fa9\" data-element_type=\"widget\" data-e-type=\"widget\" data-widget_type=\"tm-ele-accordion.default\">\n\t\t\t\t<div class=\"elementor-widget-container\">\n\t\t\t\t\t\t\t<div id=\"accordion-holder-913585\" class=\"tm-accordion accordion\">\r\n\t\r\n  <div class=\"card active\">\r\n    <div class=\"card-header p-0\" id=\"heading541\">\r\n      <h5 class=\"title \" data-bs-toggle=\"collapse\" data-bs-target=\"#collapse541\" aria-expanded=\"true\" aria-controls=\"collapse541\">\r\n        <span class=\"text\">6. Kann ich die Alltagshelfer auch privat bezahlen?<\/span>\r\n        <span class=\"accordion-controls-icon\"><svg class=\"e-font-icon-svg e-fas-chevron-down\" viewBox=\"0 0 448 512\" xmlns=\"http:\/\/www.w3.org\/2000\/svg\"><path d=\"M207.029 381.476L12.686 187.132c-9.373-9.373-9.373-24.569 0-33.941l22.667-22.667c9.357-9.357 24.522-9.375 33.901-.04L224 284.505l154.745-154.021c9.379-9.335 24.544-9.317 33.901.04l22.667 22.667c9.373 9.373 9.373 24.569 0 33.941L240.971 381.476c-9.373 9.372-24.569 9.372-33.942 0z\"><\/path><\/svg><\/span>\r\n      <\/h5>\r\n    <\/div>\r\n    <div id=\"collapse541\" class=\"collapse show\" aria-labelledby=\"heading541\" data-bs-parent=\"#accordion-holder-913585\">\r\n      <div class=\"card-body\">\r\n        <p>Ja, alle Leistungen k\u00f6nnen jederzeit privat und flexibel gebucht werden.<\/p>      <\/div>\r\n    <\/div>\r\n  <\/div>\r\n\r\n  <div class=\"card \">\r\n    <div class=\"card-header p-0\" id=\"heading542\">\r\n      <h5 class=\"title collapsed\" data-bs-toggle=\"collapse\" data-bs-target=\"#collapse542\" aria-expanded=\"false\" aria-controls=\"collapse542\">\r\n        <span class=\"text\">7. Wie schnell kann ich einen Termin bekommen?<\/span>\r\n        <span class=\"accordion-controls-icon\"><svg class=\"e-font-icon-svg e-fas-chevron-down\" viewBox=\"0 0 448 512\" xmlns=\"http:\/\/www.w3.org\/2000\/svg\"><path d=\"M207.029 381.476L12.686 187.132c-9.373-9.373-9.373-24.569 0-33.941l22.667-22.667c9.357-9.357 24.522-9.375 33.901-.04L224 284.505l154.745-154.021c9.379-9.335 24.544-9.317 33.901.04l22.667 22.667c9.373 9.373 9.373 24.569 0 33.941L240.971 381.476c-9.373 9.372-24.569 9.372-33.942 0z\"><\/path><\/svg><\/span>\r\n      <\/h5>\r\n    <\/div>\r\n    <div id=\"collapse542\" class=\"collapse \" aria-labelledby=\"heading542\" data-bs-parent=\"#accordion-holder-913585\">\r\n      <div class=\"card-body\">\r\n        <p data-start=\"230\" data-end=\"390\">In der Regel innerhalb weniger Tage \u2013 je nach Verf\u00fcgbarkeit auch schneller.<\/p>      <\/div>\r\n    <\/div>\r\n  <\/div>\r\n\r\n  <div class=\"card \">\r\n    <div class=\"card-header p-0\" id=\"heading543\">\r\n      <h5 class=\"title collapsed\" data-bs-toggle=\"collapse\" data-bs-target=\"#collapse543\" aria-expanded=\"false\" aria-controls=\"collapse543\">\r\n        <span class=\"text\">8. Kommt immer derselbe Alltagshelfer?<\/span>\r\n        <span class=\"accordion-controls-icon\"><svg class=\"e-font-icon-svg e-fas-chevron-down\" viewBox=\"0 0 448 512\" xmlns=\"http:\/\/www.w3.org\/2000\/svg\"><path d=\"M207.029 381.476L12.686 187.132c-9.373-9.373-9.373-24.569 0-33.941l22.667-22.667c9.357-9.357 24.522-9.375 33.901-.04L224 284.505l154.745-154.021c9.379-9.335 24.544-9.317 33.901.04l22.667 22.667c9.373 9.373 9.373 24.569 0 33.941L240.971 381.476c-9.373 9.372-24.569 9.372-33.942 0z\"><\/path><\/svg><\/span>\r\n      <\/h5>\r\n    <\/div>\r\n    <div id=\"collapse543\" class=\"collapse \" aria-labelledby=\"heading543\" data-bs-parent=\"#accordion-holder-913585\">\r\n      <div class=\"card-body\">\r\n        <p data-start=\"392\" data-end=\"554\">Wir versuchen, feste Bezugspersonen zu erm\u00f6glichen, damit Vertrauen und Routine entstehen.<\/p>      <\/div>\r\n    <\/div>\r\n  <\/div>\r\n\r\n  <div class=\"card \">\r\n    <div class=\"card-header p-0\" id=\"heading544\">\r\n      <h5 class=\"title collapsed\" data-bs-toggle=\"collapse\" data-bs-target=\"#collapse544\" aria-expanded=\"false\" aria-controls=\"collapse544\">\r\n        <span class=\"text\">9. Welche Aufgaben d\u00fcrfen Alltagshelfer nicht \u00fcbernehmen?<\/span>\r\n        <span class=\"accordion-controls-icon\"><svg class=\"e-font-icon-svg e-fas-chevron-down\" viewBox=\"0 0 448 512\" xmlns=\"http:\/\/www.w3.org\/2000\/svg\"><path d=\"M207.029 381.476L12.686 187.132c-9.373-9.373-9.373-24.569 0-33.941l22.667-22.667c9.357-9.357 24.522-9.375 33.901-.04L224 284.505l154.745-154.021c9.379-9.335 24.544-9.317 33.901.04l22.667 22.667c9.373 9.373 9.373 24.569 0 33.941L240.971 381.476c-9.373 9.372-24.569 9.372-33.942 0z\"><\/path><\/svg><\/span>\r\n      <\/h5>\r\n    <\/div>\r\n    <div id=\"collapse544\" class=\"collapse \" aria-labelledby=\"heading544\" data-bs-parent=\"#accordion-holder-913585\">\r\n      <div class=\"card-body\">\r\n        <p data-start=\"556\" data-end=\"718\">Medizinische T\u00e4tigkeiten wie Injektionen, Verbandswechsel oder Medikamentengabe sind Pflegekr\u00e4ften vorbehalten.<\/p>      <\/div>\r\n    <\/div>\r\n  <\/div>\r\n\r\n  <div class=\"card \">\r\n    <div class=\"card-header p-0\" id=\"heading545\">\r\n      <h5 class=\"title collapsed\" data-bs-toggle=\"collapse\" data-bs-target=\"#collapse545\" aria-expanded=\"false\" aria-controls=\"collapse545\">\r\n        <span class=\"text\">10. Wie lange dauert ein Einsatz?<\/span>\r\n        <span class=\"accordion-controls-icon\"><svg class=\"e-font-icon-svg e-fas-chevron-down\" viewBox=\"0 0 448 512\" xmlns=\"http:\/\/www.w3.org\/2000\/svg\"><path d=\"M207.029 381.476L12.686 187.132c-9.373-9.373-9.373-24.569 0-33.941l22.667-22.667c9.357-9.357 24.522-9.375 33.901-.04L224 284.505l154.745-154.021c9.379-9.335 24.544-9.317 33.901.04l22.667 22.667c9.373 9.373 9.373 24.569 0 33.941L240.971 381.476c-9.373 9.372-24.569 9.372-33.942 0z\"><\/path><\/svg><\/span>\r\n      <\/h5>\r\n    <\/div>\r\n    <div id=\"collapse545\" class=\"collapse \" aria-labelledby=\"heading545\" data-bs-parent=\"#accordion-holder-913585\">\r\n      <div class=\"card-body\">\r\n        <p data-start=\"720\" data-end=\"850\">Meist zwischen 1 und 3 Stunden pro Termin \u2013 je nach Bedarf flexibel anpassbar.<\/p>      <\/div>\r\n    <\/div>\r\n  <\/div>\r\n\t\t<\/div>\r\n\t\t\t\t\t<\/div>\n\t\t\t\t<\/div>\n\t\t\t\t<\/div>\n\t\t\t\t<\/div>\n\t\t\t\t<\/div>\n\t\t\t\t\t<\/div>\n\t\t\t\t<\/div>\n\t\t\t\t<\/div>\n\t\t","protected":false},"excerpt":{"rendered":"<p>1. Was machen Alltagshelfer genau? Alltagshelfer unterst\u00fctzen bei Haushalt, Eink\u00e4ufen, Begleitungen, Gespr\u00e4chen und allt\u00e4glichen Aufgaben, damit der Alltag leichter wird&#8230;.<\/p>\n","protected":false},"author":1,"featured_media":0,"parent":0,"menu_order":0,"comment_status":"closed","ping_status":"closed","template":"","meta":{"_monsterinsights_skip_tracking":false,"_monsterinsights_sitenote_active":false,"_monsterinsights_sitenote_note":"","_monsterinsights_sitenote_category":0,"footnotes":""},"class_list":["post-4510","page","type-page","status-publish","hentry"],"aioseo_notices":[],"_links":{"self":[{"href":"https:\/\/dev.gesundheits-portal.org\/muster3\/wp-json\/wp\/v2\/pages\/4510","targetHints":{"allow":["GET"]}}],"collection":[{"href":"https:\/\/dev.gesundheits-portal.org\/muster3\/wp-json\/wp\/v2\/pages"}],"about":[{"href":"https:\/\/dev.gesundheits-portal.org\/muster3\/wp-json\/wp\/v2\/types\/page"}],"author":[{"embeddable":true,"href":"https:\/\/dev.gesundheits-portal.org\/muster3\/wp-json\/wp\/v2\/users\/1"}],"replies":[{"embeddable":true,"href":"https:\/\/dev.gesundheits-portal.org\/muster3\/wp-json\/wp\/v2\/comments?post=4510"}],"version-history":[{"count":4,"href":"https:\/\/dev.gesundheits-portal.org\/muster3\/wp-json\/wp\/v2\/pages\/4510\/revisions"}],"predecessor-version":[{"id":88923,"href":"https:\/\/dev.gesundheits-portal.org\/muster3\/wp-json\/wp\/v2\/pages\/4510\/revisions\/88923"}],"wp:attachment":[{"href":"https:\/\/dev.gesundheits-portal.org\/muster3\/wp-json\/wp\/v2\/media?parent=4510"}],"curies":[{"name":"wp","href":"https:\/\/api.w.org\/{rel}","templated":true}]}}